{"id":8555,"date":"2022-11-24T18:03:48","date_gmt":"2022-11-25T00:03:48","guid":{"rendered":"https:\/\/maptheunknown.com\/?post_type=product&#038;p=8555"},"modified":"2022-12-29T00:02:25","modified_gmt":"2022-12-29T06:02:25","slug":"travel-the-world-for-free-bundle-travel-hacking-house-sitting","status":"publish","type":"product","link":"https:\/\/maptheunknown.com\/es\/producto\/travel-the-world-for-free-bundle-travel-hacking-house-sitting\/","title":{"rendered":"Travel Hacking + House Sitting Bundle (Ebook + Mentoring)"},"content":{"rendered":"<p><span style=\"color: #dfbd69;\"><strong>QU\u00c9 INCLUYE:<\/strong><\/span><\/p>\n<ul>\n<li>1-hour Exclusive Access Mentoring Video Call and Q&amp;A session with Fran and Marco to help you get started on Travel Hacking and House Sitting.<\/li>\n<li>Travel Hacking Getting Started Guide to help you get started and get free flights for life.<\/li>\n<li>Spreadsheet with a strategy on credit card applications.<\/li>\n<li>Information, tips, techniques, examples, and proven processes to help you become an expert Travel Hacker.<\/li>\n<li>Travel Hacking stories and lessons learned based on our real experiences.<\/li>\n<li>M\u00e1s de 100 p\u00e1ginas llenas de informaci\u00f3n, consejos, t\u00e9cnicas, ejemplos y procesos probados por nosotros para ayudarte a convertirte en un experto en House Sitting internacional.<\/li>\n<li>Historias de house sitting y lecciones aprendidas basadas en nuestras experiencias reales.<\/li>\n<li>Plantillas y ejemplos de perfiles de House Sitter<\/li>\n<li>House Sitting Application Message Templates<\/li>\n<li>Lista de preguntas a la hora de tener una entrevista<\/li>\n<li>Checklist de transici\u00f3n y devoluci\u00f3n del house sit<\/li>\n<li>\u00a1Herramientas y recursos, preguntas frecuentes y m\u00e1s!<\/li>\n<\/ul>","protected":false},"excerpt":{"rendered":"<p class=\"p1\">\ud83c\udfc6 Travel Hacking + House Sitting is a winning formula \ud83c\udfc6 <i>If you combine Travel Hacking and House Sitting then you&#8217;re flights and accommodation are basically free and you would only need to pay for food during your travels, which you&#8217;ll have to pay for anyway even if you&#8217;re not traveling, so you\u2019re basically traveling for FREE! We have saved hundreds of thousands of dollars using these tools and techniques and now we will share all our knowledge with you so you can do it too!<\/i><\/p>\n<p class=\"p3\"><b>You\u2019ll get all our E-Books &amp; E-Guides PLUS you\u2019ll get the opportunity to be mentored exclusively by us so you can make your dream fo traveling the world a reality.<span class=\"Apple-converted-space\">\u00a0 <\/span>You&#8217;ll be able to travel to anywhere you want and <\/b>have amazing experiences anywhere in the world while saving thousands and thousands of dollars in accommodation and flights!!!<\/p>\n<p class=\"p1\"><span class=\"s1\">\ud83e\udd2f<\/span> This is a ONCE IN A LIFETIME opportunity!! Make your dream of traveling the world a REALITY NOW!! <span class=\"s1\">\ud83d\udcaa\ud83c\udffc<\/span><\/p>","protected":false},"featured_media":8556,"comment_status":"open","ping_status":"closed","template":"","meta":{"nf_dc_page":"","om_disable_all_campaigns":false,"jetpack_post_was_ever_published":false,"jetpack_publicize_message":"","jetpack_publicize_feature_enabled":true,"jetpack_social_post_already_shared":true,"jetpack_social_options":{"image_generator_settings":{"template":"highway","default_image_id":0,"font":"","enabled":false},"version":2}},"product_brand":[],"product_cat":[112,113],"product_tag":[],"class_list":{"0":"post-8555","1":"product","2":"type-product","3":"status-publish","4":"has-post-thumbnail","6":"product_cat-ebook","7":"product_cat-mentoring","9":"first","10":"instock","11":"downloadable","12":"virtual","13":"taxable","14":"purchasable","15":"product-type-simple"},"jetpack_publicize_connections":[],"jetpack_sharing_enabled":true,"jetpack_likes_enabled":true,"_links":{"self":[{"href":"https:\/\/maptheunknown.com\/es\/wp-json\/wp\/v2\/product\/8555","targetHints":{"allow":["GET"]}}],"collection":[{"href":"https:\/\/maptheunknown.com\/es\/wp-json\/wp\/v2\/product"}],"about":[{"href":"https:\/\/maptheunknown.com\/es\/wp-json\/wp\/v2\/types\/product"}],"replies":[{"embeddable":true,"href":"https:\/\/maptheunknown.com\/es\/wp-json\/wp\/v2\/comments?post=8555"}],"wp:featuredmedia":[{"embeddable":true,"href":"https:\/\/maptheunknown.com\/es\/wp-json\/wp\/v2\/media\/8556"}],"wp:attachment":[{"href":"https:\/\/maptheunknown.com\/es\/wp-json\/wp\/v2\/media?parent=8555"}],"wp:term":[{"taxonomy":"product_brand","embeddable":true,"href":"https:\/\/maptheunknown.com\/es\/wp-json\/wp\/v2\/product_brand?post=8555"},{"taxonomy":"product_cat","embeddable":true,"href":"https:\/\/maptheunknown.com\/es\/wp-json\/wp\/v2\/product_cat?post=8555"},{"taxonomy":"product_tag","embeddable":true,"href":"https:\/\/maptheunknown.com\/es\/wp-json\/wp\/v2\/product_tag?post=8555"}],"curies":[{"name":"wp","href":"https:\/\/api.w.org\/{rel}","templated":true}]}}