{"id":8522,"date":"2022-11-21T06:44:05","date_gmt":"2022-11-21T12:44:05","guid":{"rendered":"https:\/\/maptheunknown.com\/?post_type=product&#038;p=8522"},"modified":"2023-08-17T07:27:24","modified_gmt":"2023-08-17T12:27:24","slug":"the-ultimate-house-sitting-jumpstart-tools-and-ebook-included","status":"publish","type":"product","link":"https:\/\/maptheunknown.com\/es\/producto\/the-ultimate-house-sitting-jumpstart-tools-and-ebook-included\/","title":{"rendered":"The Ultimate House Sitting Jumpstart (Ebook + Mentoring)"},"content":{"rendered":"<p><span style=\"color: #dfbd69;\"><strong>QU\u00c9 INCLUYE:<\/strong><\/span><\/p>\n<ul>\n<li><span style=\"font-family: -apple-system, BlinkMacSystemFont, 'Segoe UI', Roboto, Oxygen-Sans, Ubuntu, Cantarell, 'Helvetica Neue', sans-serif;\">30 min. live exclusive mentoring session with Marco &amp; Fran, founders of Map The Unknown.<\/span><\/li>\n<li><span style=\"font-family: -apple-system, BlinkMacSystemFont, 'Segoe UI', Roboto, Oxygen-Sans, Ubuntu, Cantarell, 'Helvetica Neue', sans-serif;\"><span style=\"font-family: -apple-system, BlinkMacSystemFont, 'Segoe UI', Roboto, Oxygen-Sans, Ubuntu, Cantarell, 'Helvetica Neue', sans-serif;\">Resumen de nuestra llamada de mentoring que cubrir\u00e1 lo que discutimos y las acciones a tomar.<\/span><\/span><\/li>\n<li>M\u00e1s de 100 p\u00e1ginas llenas de informaci\u00f3n, consejos, t\u00e9cnicas, ejemplos y procesos probados por nosotros para ayudarte a convertirte en un experto en House Sitting internacional.<\/li>\n<li>Historias reales de House Sitting y lecciones aprendidas basadas en nuestras experiencias.<\/li>\n<li>Plantillas y ejemplos de perfiles de House Sitter<\/li>\n<li>House Sitting Application Message Templates<\/li>\n<li>Lista de preguntas a la hora de tener una entrevista<\/li>\n<li>Checklist de transici\u00f3n y devoluci\u00f3n del house sit<\/li>\n<li>\u00a1Herramientas y recursos, preguntas frecuentes y m\u00e1s!<\/li>\n<\/ul>\n<p>\u00a1Realmente esperamos que esto te ayude a viajar m\u00e1s y tener experiencias incre\u00edbles en todo el mundo! Si tiene alguna pregunta o comentario, \u00a1escribinos!<\/p>","protected":false},"excerpt":{"rendered":"<p class=\"p1\"><strong>Everything you need to know about House Sitting so you won\u2019t need to pay for accommodation anymore PLUS a live exclusive mentoring session<\/strong> with Marco and Fran where you will have EXCLUSIVE access to all their knowledge and expertise from their years of experience house sitting full-time in different countries. We created this Ebook + Mentoring Session bundle for you to get the BEST value you can get and help you get started FAST with your house sitting journey. You will learn all the techniques and proven process of house sitting so you can travel more and have wonderful experiences wherever you are in the world, either in your home country or internationally, without paying for accommodation.<\/p>\n<p class=\"p1\">During the live mentoring session, you will be able to ask Marco and Fran any questions you may have about house sitting and be able to get their personal and honest feedback about your personal situation. This is could be the BEST INVESTMENT you can make your dream traveling lifestyle come true!<\/p>","protected":false},"featured_media":8550,"comment_status":"open","ping_status":"closed","template":"","meta":{"nf_dc_page":"","om_disable_all_campaigns":false,"jetpack_post_was_ever_published":false,"jetpack_publicize_message":"","jetpack_publicize_feature_enabled":true,"jetpack_social_post_already_shared":true,"jetpack_social_options":{"image_generator_settings":{"template":"highway","default_image_id":0,"font":"","enabled":false},"version":2}},"product_brand":[],"product_cat":[112,113],"product_tag":[],"class_list":{"0":"post-8522","1":"product","2":"type-product","3":"status-publish","4":"has-post-thumbnail","6":"product_cat-ebook","7":"product_cat-mentoring","9":"first","10":"instock","11":"downloadable","12":"virtual","13":"taxable","14":"purchasable","15":"product-type-simple"},"jetpack_publicize_connections":[],"jetpack_sharing_enabled":true,"jetpack_likes_enabled":true,"_links":{"self":[{"href":"https:\/\/maptheunknown.com\/es\/wp-json\/wp\/v2\/product\/8522","targetHints":{"allow":["GET"]}}],"collection":[{"href":"https:\/\/maptheunknown.com\/es\/wp-json\/wp\/v2\/product"}],"about":[{"href":"https:\/\/maptheunknown.com\/es\/wp-json\/wp\/v2\/types\/product"}],"replies":[{"embeddable":true,"href":"https:\/\/maptheunknown.com\/es\/wp-json\/wp\/v2\/comments?post=8522"}],"wp:featuredmedia":[{"embeddable":true,"href":"https:\/\/maptheunknown.com\/es\/wp-json\/wp\/v2\/media\/8550"}],"wp:attachment":[{"href":"https:\/\/maptheunknown.com\/es\/wp-json\/wp\/v2\/media?parent=8522"}],"wp:term":[{"taxonomy":"product_brand","embeddable":true,"href":"https:\/\/maptheunknown.com\/es\/wp-json\/wp\/v2\/product_brand?post=8522"},{"taxonomy":"product_cat","embeddable":true,"href":"https:\/\/maptheunknown.com\/es\/wp-json\/wp\/v2\/product_cat?post=8522"},{"taxonomy":"product_tag","embeddable":true,"href":"https:\/\/maptheunknown.com\/es\/wp-json\/wp\/v2\/product_tag?post=8522"}],"curies":[{"name":"wp","href":"https:\/\/api.w.org\/{rel}","templated":true}]}}