{"id":8357,"date":"2022-07-14T03:22:15","date_gmt":"2022-07-14T08:22:15","guid":{"rendered":"https:\/\/maptheunknown.com\/?post_type=product&#038;p=8357"},"modified":"2025-04-16T17:29:39","modified_gmt":"2025-04-16T22:29:39","slug":"house-sitting-ebook","status":"publish","type":"product","link":"https:\/\/maptheunknown.com\/es\/producto\/house-sitting-ebook\/","title":{"rendered":"The Ultimate House Sitting E-book<\/br><h4>\u00a1Aprende c\u00f3mo conseguir alojamiento gratis en cualquier parte del mundo!<\/h4>"},"content":{"rendered":"<p class=\"p1\">Creamos este E-book para ayudarte a comenzar con house sitting y convertirte en un experto en House Sitting internacionalmente para que pueda viajar m\u00e1s y tener experiencias maravillosas en cualquier parte del mundo sin pagar alojamiento. Ya sea que seas nuevo en House Sitting o incluso si ya lo has hecho antes, este E-book te ayudar\u00e1 a convertirte en un experto en House Sitting. Compartiremos contigo<span style=\"color: #000000;\">&nbsp;todo nuestro conocimiento y experiencia de a\u00f1os haciendo House Sitting en diferentes pa\u00edses, nuestro sistema y t\u00e9cnicas para conseguir el house sit perfecto, y todas nuestras lecciones aprendidas para que no cometas los mismos errores y puedas tener maravillosas experiencias de house sitting alrededor del mundo.<\/span><\/p>\n<p><span style=\"color: #000000;\"><strong>Qu\u00e9 est\u00e1 inclu\u00eddo:<\/strong><\/span><\/p>\n<ul>\n<li><span style=\"color: #000000;\">M\u00e1s de 100 p\u00e1ginas repletas de informaci\u00f3n y ejemplos de la vida real para ayudarte a convertirte en un experto House Sitter a nivel internacional.<\/span><\/li>\n<li><span style=\"color: #000000;\">Nuestros procesos, consejos y t\u00e9cnicas probadas para conseguir el House Sitting perfecto para ti.<\/span><\/li>\n<li><span style=\"color: #000000;\">Descuentos en plataformas de House Sitting y c\u00f3mo decidir cu\u00e1l es la mejor plataforma para ti.<\/span><\/li>\n<li><span style=\"color: #000000;\">Historias de house sitting y lecciones aprendidas basadas en nuestras experiencias reales.<\/span><\/li>\n<li><span style=\"color: #000000;\">Disponible en <a style=\"color: #000000;\" href=\"https:\/\/maptheunknown.com\/es\/producto\/house-sitting-ebook\/\">Ingl\u00e9s<\/a> y <a style=\"color: #000000;\" href=\"https:\/\/maptheunknown.com\/es\/producto\/house-sitting-ebook\/\">Espa\u00f1ol<\/a><\/span><\/li>\n<li><span style=\"color: #000000;\">\u2b50\ufe0f BONUS: Plantillas y ejemplos de perfiles de House Sitter<\/span><\/li>\n<li><span style=\"color: #000000;\">\u2b50\ufe0f BONUS: Plantillas de mensajes para aplicar<\/span><\/li>\n<li><span style=\"color: #000000;\">\u2b50\ufe0f BONUS: Gu\u00eda de preguntas para entrevista de House Sitting<\/span><\/li>\n<li><span style=\"color: #000000;\">\u2b50\ufe0f BONUS: House sitting Handover Checklist<\/span><\/li>\n<li><span style=\"color: #000000;\">\u2b50\ufe0f BONUS: Hand back Checklist<\/span><\/li>\n<li><span style=\"color: #000000;\">\u00a1Herramientas, recursos, preguntas frecuentes y m\u00e1s!<\/span><\/li>\n<\/ul>\n<p class=\"p1\"><span style=\"color: #000000;\"><b>\u00daltima actualizaci\u00f3n:<\/b> Marzo 2023 - Disponible en Ingl\u00e9s y Espa\u00f1ol.<\/span><\/p>\n<p class=\"p1\"><span style=\"color: #000000;\"><b>Formato:<\/b>\u00a0PDF (descarga instant\u00e1nea)<\/span><\/p>\n<p><span style=\"color: #000000;\">\u00a1Esperamos\u00a0<\/span>que el libro te ayude a viajar m\u00e1s y tener experiencias incre\u00edbles en todo el mundo!<\/p>\n<p>\u00bfTodav\u00eda tienes preguntas? Lee las preguntas frecuentes a continuaci\u00f3n\ud83d\udc47\ud83c\udffd o <a href=\"\/es\/contact-us\/\">cont\u00e1ctanos<\/a>.<\/p>\n<hr \/>\n<h2 style=\"text-align: left;\">PREGUNTAS FRECUENTES<\/h2>\n<ul>\n<li class=\"p1\" style=\"text-align: left;\"><span style=\"color: #000000;\"><b>\u00bfEste libro es solo para viajeros\/as full-time?<br \/>\n<\/b>Ya sea que viajes una o varias veces al a\u00f1o o por per\u00edodos de tiempo cortos o largos, este libro te ayudar\u00e1 a obtener oportunidades de house sitting en cualquier parte del mundo. Hay oportunidades tanto para house sits a corto como a largo plazo. Puedes encontrar desde house sits de 2 d\u00edas a 5 d\u00edas como hasta de 6 meses a un a\u00f1o (o, a veces, m\u00e1s). Puedes aplicar a las oportunidades que m\u00e1s te convengan. Es por eso que es muy importante utilizar los consejos que ense\u00f1amos en el libro que te ayudar\u00e1n a obtener exactamente las oportunidades de house sitting que sean adecuadas para ti.<\/span><\/li>\n<li style=\"text-align: left;\"><span style=\"color: #000000;\"><strong>\u00bfEste libro es solo para personas que hablan ingl\u00e9s? <\/strong><\/span><br \/>\n<span style=\"color: #000000;\">Este libro est\u00e1 disponible tanto en ingl\u00e9s como en espa\u00f1ol para que puedas aprender c\u00f3mo hacer house sitting en tu idioma preferido. Pero ten en cuenta que la mayor\u00eda de las plataformas de house sitting est\u00e1n en ingl\u00e9s, por eso es importante que tengas al menos habilidades b\u00e1sicas de comunicaci\u00f3n en ingl\u00e9s.<\/span><\/li>\n<li style=\"text-align: left;\"><span style=\"color: #000000;\"><strong>Soy un experto en house sitting. \u00bfEste libro me dar\u00eda valor adicional?<\/strong><\/span><br \/>\n<span style=\"color: #000000;\">Eso depende. Si has hecho house sitting antes y ahora quieres aprender c\u00f3mo hacerlo con m\u00e1s frecuencia (o incluso a tiempo completo), entonces s\u00ed, te dar\u00e1 un valor adicional. Si, por el contrario, ya tienes una estrategia y llevas muchos a\u00f1os haciendo house sitting a tiempo completo, entonces no.<\/span><\/li>\n<li><span style=\"color: #000000;\"><strong>\u00a0No tengo experiencia con house sitting. \u00bfMe ayudar\u00eda este libro?<\/strong><\/span><br \/>\n<span style=\"color: #000000;\">Definitivamente s\u00ed. Mientras ames a las mascotas y viajar, te ense\u00f1aremos TODO lo que necesitas para que tengas \u00e9xito, incluso cuando eres un novato. En el libro, compartimos exactamente c\u00f3mo pudimos conseguir nuestro primer house sitting sin experiencia alguna y c\u00f3mo puedes obtener oportunidades de house siting incluso si eres nuevo en una plataforma house sitting.<\/span><\/li>\n<li class=\"li1\"><span style=\"color: #000000;\"><strong>Todav\u00eda no estoy seguro\/a de si house sitting es adecuado para m\u00ed o no. \u00bfSigue siendo este libro para m\u00ed?<br \/>\n<\/strong>S\u00ed. En el libro, cubrimos los conceptos b\u00e1sicos de house sitting, c\u00f3mo funciona y qu\u00e9 esperar para que comprendas si house sitting es lo que est\u00e1s buscando y si se ajustar\u00e1 a tu prop\u00f3sito, necesidades y tipo de viaje.<\/span><\/li>\n<li class=\"li1\"><span style=\"color: #dfbd69;\"><b style=\"font-family: -apple-system, BlinkMacSystemFont, 'Segoe UI', Roboto, Oxygen-Sans, Ubuntu, Cantarell, 'Helvetica Neue', sans-serif;\"><b style=\"font-family: -apple-system, BlinkMacSystemFont, 'Segoe UI', Roboto, Oxygen-Sans, Ubuntu, Cantarell, 'Helvetica Neue', sans-serif;\"><span style=\"color: #000000;\">\u00bfC\u00f3mo voy a obtener este libro?<\/span><br \/>\n<\/b><\/b><\/span>Se te enviar\u00e1 por correo electr\u00f3nico un enlace de descarga donde puedes descargar el libro electr\u00f3nico en formato PDF y puedes abrir el archivo en tu computadora, Kindle, iPad o celular.<\/li>\n<\/ul>\n<hr \/>\n<p>&nbsp;<\/p>","protected":false},"excerpt":{"rendered":"<p class=\"p1\">\u00bfTe gustar\u00eda viajar a cualquier parte del mundo sin pagar alojamiento y adem\u00e1s tener la estabilidad y comodidad de un hogar?<\/p>\n<p class=\"p1\">Si respondiste que \"\u00a1S\u00ed!\" \u00a1entonces te encantar\u00e1 house sitting!<\/p>\n<p class=\"p1\">House Sitting es cuidar la casa y las mascotas de otra persona mientras los due\u00f1os est\u00e1n fuera (por ejemplo, por negocios, vacaciones, visitas familiares, urgencias, etc.) y, a cambio, puedes quedarte en su casa gratis (a veces incluso incluye veh\u00edculo). Es un intercambio en el que todos ganan: tu obtienes alojamiento gratuito y, a cambio, los due\u00f1os tienen la seguridad de que la casa est\u00e1 segura y, lo que es m\u00e1s importante, las mascotas est\u00e1n felices.<\/p>\n<p class=\"p1\">Si te encantan las mascotas y viajar y est\u00e1s listo\/a para dejar de pagar alojamiento, este E-book es para ti.<\/p>\n<p class=\"p1\">Puedes tener un hogar con todas sus comodidades gratis en diferentes partes del mundo. Puedes alojarte en una casa frente al mar, o con vista a hermosas monta\u00f1as cubiertas de nieve, o en una casa con piscina infinita, o en un pueblito encantador, etc. mientras disfrutas del amor incondicional y la compa\u00f1\u00eda de las mascotas. Suena incre\u00edble, \u00bfverdad?<\/p>\n<p class=\"p1\">S\u00e9 que suena demasiado bueno para ser verdad. \u00a1Pero es verdad!<\/p>\n<p class=\"p1\">We started house sitting way back in 2018 with zero experience and since then we were able to save up more than 50,000 USD every year on accommodation while traveling to different parts of the world across 4 different continents taking care of more than 30 pets and their homes all with 5-star reviews.<\/p>\n<p class=\"p1\">House Sitting para nosotros significa la posibilidad de cumplir nuestro sue\u00f1o de viajar por el mundo y puede convertirse en el tuyo tambi\u00e9n! \u00a1Obt\u00e9n tu copia ahora!<\/p>\n<p class=\"p1\"><em>**Disponible en <a href=\"https:\/\/maptheunknown.com\/es\/producto\/house-sitting-ebook\/\">Ingl\u00e9s<\/a> y <a href=\"https:\/\/maptheunknown.com\/es\/producto\/house-sitting-ebook\/\">Espa\u00f1ol<\/a><\/em><\/p>","protected":false},"featured_media":8749,"comment_status":"open","ping_status":"closed","template":"","meta":{"nf_dc_page":"","om_disable_all_campaigns":false,"jetpack_post_was_ever_published":false,"jetpack_publicize_message":"","jetpack_publicize_feature_enabled":true,"jetpack_social_post_already_shared":true,"jetpack_social_options":{"image_generator_settings":{"template":"highway","default_image_id":0,"font":"","enabled":false},"version":2}},"product_brand":[],"product_cat":[112],"product_tag":[],"class_list":{"0":"post-8357","1":"product","2":"type-product","3":"status-publish","4":"has-post-thumbnail","6":"product_cat-ebook","8":"first","9":"instock","10":"downloadable","11":"virtual","12":"taxable","13":"purchasable","14":"product-type-simple"},"jetpack_publicize_connections":[],"jetpack_sharing_enabled":true,"jetpack_likes_enabled":true,"_links":{"self":[{"href":"https:\/\/maptheunknown.com\/es\/wp-json\/wp\/v2\/product\/8357","targetHints":{"allow":["GET"]}}],"collection":[{"href":"https:\/\/maptheunknown.com\/es\/wp-json\/wp\/v2\/product"}],"about":[{"href":"https:\/\/maptheunknown.com\/es\/wp-json\/wp\/v2\/types\/product"}],"replies":[{"embeddable":true,"href":"https:\/\/maptheunknown.com\/es\/wp-json\/wp\/v2\/comments?post=8357"}],"wp:featuredmedia":[{"embeddable":true,"href":"https:\/\/maptheunknown.com\/es\/wp-json\/wp\/v2\/media\/8749"}],"wp:attachment":[{"href":"https:\/\/maptheunknown.com\/es\/wp-json\/wp\/v2\/media?parent=8357"}],"wp:term":[{"taxonomy":"product_brand","embeddable":true,"href":"https:\/\/maptheunknown.com\/es\/wp-json\/wp\/v2\/product_brand?post=8357"},{"taxonomy":"product_cat","embeddable":true,"href":"https:\/\/maptheunknown.com\/es\/wp-json\/wp\/v2\/product_cat?post=8357"},{"taxonomy":"product_tag","embeddable":true,"href":"https:\/\/maptheunknown.com\/es\/wp-json\/wp\/v2\/product_tag?post=8357"}],"curies":[{"name":"wp","href":"https:\/\/api.w.org\/{rel}","templated":true}]}}