{"id":8188,"date":"2022-02-06T15:50:42","date_gmt":"2022-02-06T21:50:42","guid":{"rendered":"https:\/\/maptheunknown.com\/?post_type=product&#038;p=8188"},"modified":"2023-04-29T17:02:53","modified_gmt":"2023-04-29T22:02:53","slug":"free-shine-this-year-workbook","status":"publish","type":"product","link":"https:\/\/maptheunknown.com\/es\/producto\/free-shine-this-year-workbook\/","title":{"rendered":"FREE Shine This Year Workshop"},"content":{"rendered":"<p><strong>TIPS!<\/strong><\/p>\n<ul>\n<li class=\"p1\">Trata de hacerlo en un lugar sin distracciones.<\/li>\n<li class=\"p1\">Elige tu m\u00fasica favorita para hacer esta actividad, Nosotros este a\u00f1o escuchamos esta playlist: <a class=\"\" href=\"https:\/\/spoti.fi\/3H7UGDX\">https:\/\/spoti.fi\/3H7UGDX<\/a><\/li>\n<\/ul>\n<p class=\"p1\">\u00a1Contanos c\u00f3mo va yendo! Nos encantar\u00eda escuchar de vos \ud83d\ude42<\/p>\n<p>&nbsp;<\/p>","protected":false},"excerpt":{"rendered":"<p>Todos los d\u00edas, todas las semanas, todos los meses y todos los a\u00f1os tenemos la oportunidad de elegir c\u00f3mo vivir una vida que realmente nos haga sentir viv@s. Siempre estamos tomando decisiones, incluso cuando no elegimos, estamos eligiendo. Estar viv@ es el regalo m\u00e1s preciado, as\u00ed que mejor vivir una vida que recordar\u00e1s.<\/p>\n<p>SHINE THIS YEAR Workshop is an invitation for you to connect with yourself, make those decisions consciously, and live every day to the fullest the way you want this year.<\/p>\n<p>The Shine This Year workbook is available in English and Spanish and It&#8217;s FREE, no credit card is required. Just click on &#8220;Add To Cart&#8221; and you&#8217;ll get the download link after you complete the check-out page. After you download it, print it and then you&#8217;re set and ready to make this year your year!<\/p>\n<p class=\"p1\"><strong>\u00a1Realmente esperamos que esto te ayude! Si tenes alguna pregunta o comentario, \u00a1decinos!<\/strong><\/p>\n<p class=\"p1\"><i>\"C\u00f3mo pasas tus d\u00edas es c\u00f3mo pasas tu vida\" - Annie Dillard<\/i><\/p>\n<p><em>(En caso de que no hayas recibido el correo electr\u00f3nico en tu bandeja de entrada despu\u00e9s de realizar el pedido, verific\u00e1 tu correo no deseado)<\/em><\/p>","protected":false},"featured_media":9004,"comment_status":"open","ping_status":"closed","template":"","meta":{"nf_dc_page":"","om_disable_all_campaigns":false,"jetpack_post_was_ever_published":false,"jetpack_publicize_message":"","jetpack_publicize_feature_enabled":true,"jetpack_social_post_already_shared":true,"jetpack_social_options":{"image_generator_settings":{"template":"highway","default_image_id":0,"font":"","enabled":false},"version":2}},"product_brand":[],"product_cat":[107],"product_tag":[],"class_list":{"0":"post-8188","1":"product","2":"type-product","3":"status-publish","4":"has-post-thumbnail","6":"product_cat-life-coaching","8":"first","9":"instock","10":"downloadable","11":"virtual","12":"taxable","13":"purchasable","14":"product-type-simple"},"jetpack_publicize_connections":[],"jetpack_sharing_enabled":true,"jetpack_likes_enabled":true,"_links":{"self":[{"href":"https:\/\/maptheunknown.com\/es\/wp-json\/wp\/v2\/product\/8188","targetHints":{"allow":["GET"]}}],"collection":[{"href":"https:\/\/maptheunknown.com\/es\/wp-json\/wp\/v2\/product"}],"about":[{"href":"https:\/\/maptheunknown.com\/es\/wp-json\/wp\/v2\/types\/product"}],"replies":[{"embeddable":true,"href":"https:\/\/maptheunknown.com\/es\/wp-json\/wp\/v2\/comments?post=8188"}],"wp:featuredmedia":[{"embeddable":true,"href":"https:\/\/maptheunknown.com\/es\/wp-json\/wp\/v2\/media\/9004"}],"wp:attachment":[{"href":"https:\/\/maptheunknown.com\/es\/wp-json\/wp\/v2\/media?parent=8188"}],"wp:term":[{"taxonomy":"product_brand","embeddable":true,"href":"https:\/\/maptheunknown.com\/es\/wp-json\/wp\/v2\/product_brand?post=8188"},{"taxonomy":"product_cat","embeddable":true,"href":"https:\/\/maptheunknown.com\/es\/wp-json\/wp\/v2\/product_cat?post=8188"},{"taxonomy":"product_tag","embeddable":true,"href":"https:\/\/maptheunknown.com\/es\/wp-json\/wp\/v2\/product_tag?post=8188"}],"curies":[{"name":"wp","href":"https:\/\/api.w.org\/{rel}","templated":true}]}}