{"id":7230,"date":"2019-10-13T02:49:29","date_gmt":"2019-10-12T19:49:29","guid":{"rendered":"https:\/\/maptheunknown.com\/?post_type=product&#038;p=7230"},"modified":"2024-08-12T13:15:52","modified_gmt":"2024-08-12T18:15:52","slug":"journal","status":"publish","type":"product","link":"https:\/\/maptheunknown.com\/es\/producto\/journal\/","title":{"rendered":"GRATIS Daily Journal"},"content":{"rendered":"<p><strong>TIPS!<\/strong><\/p>\n<ul>\n<li class=\"p1\"><strong>S\u00e9 constante y mantente comprometido\/a con vos mismo\/a<\/strong>. Como cualquier h\u00e1bito en nuestras vidas para comenzar a ver el impacto, debemos ser <span class=\"s1\">constantes<\/span>\u00a0y estar\u00a0<span class=\"s1\">comprometidos\/as<\/span>\u00a0a hacerlo. Literalmente no lleva m\u00e1s de 5 minutos de tu d\u00eda y realmente se siente bien bajar un cambio y\u00a0<span class=\"s1\">tomar un tiempo para nosotros\/as<\/span> todos los d\u00edas.<\/li>\n<li class=\"p1\"><strong>\u00a1Comp\u00e1rtilo con otros\/as!<\/strong> Siempre es bueno compartir tu diario con alguien que amas. Ayuda a mantener el compromiso, mejorar la comunicaci\u00f3n y fortalece mucho la relaci\u00f3n.<\/li>\n<\/ul>\n<p class=\"p1\"><b>\u00a1Contanos c\u00f3mo va yendo! Nos encantar\u00eda escuchar de vos \ud83d\ude42\u00a0<\/b><\/p>\n<p>&nbsp;<\/p>","protected":false},"excerpt":{"rendered":"<p>Este diario es la herramienta esencial que te ayudar\u00e1 a alinear tus d\u00edas y tu vida con tus sue\u00f1os. Este es exactamente el mismo diario que usamos y nos ha ayudado a perseguir nuestros sue\u00f1os y construir el estilo de vida que queremos. Es simple pero muy muy poderoso. Queremos compartir esto y d\u00e1rtelo gratis para que vos tambi\u00e9n puedas comenzar con este poderoso h\u00e1bito y hacer realidad sus sue\u00f1os.<\/p>\n<p>It&#8217;s free and no credit card required. Just click on &#8220;Get Yours Now&#8221; button and you&#8217;ll get the download link after you complete the check-out page. After you download it, print it and then you&#8217;re set and ready to start! Make it a habit and fill it up everyday.<\/p>\n<p class=\"p1\"><strong>\u00a1Realmente esperamos que esto te ayude! Si tenes alguna pregunta o comentario, \u00a1decinos!<\/strong><\/p>\n<p class=\"p1\"><i>\"C\u00f3mo pasas tus d\u00edas es c\u00f3mo pasas tu vida\" - Annie Dillard<\/i><\/p>\n<p><em>(En caso de que no hayas recibido el correo electr\u00f3nico en tu bandeja de entrada despu\u00e9s de realizar el pedido, verific\u00e1 tu correo no deseado)<\/em><\/p>","protected":false},"featured_media":9728,"comment_status":"open","ping_status":"closed","template":"","meta":{"nf_dc_page":"","om_disable_all_campaigns":false,"jetpack_post_was_ever_published":false,"jetpack_publicize_message":"","jetpack_publicize_feature_enabled":true,"jetpack_social_post_already_shared":true,"jetpack_social_options":{"image_generator_settings":{"template":"highway","default_image_id":0,"font":"","enabled":false},"version":2}},"product_brand":[],"product_cat":[107],"product_tag":[],"class_list":{"0":"post-7230","1":"product","2":"type-product","3":"status-publish","4":"has-post-thumbnail","6":"product_cat-life-coaching","8":"first","9":"instock","10":"downloadable","11":"virtual","12":"taxable","13":"purchasable","14":"product-type-simple"},"jetpack_publicize_connections":[],"jetpack_sharing_enabled":true,"jetpack_likes_enabled":true,"_links":{"self":[{"href":"https:\/\/maptheunknown.com\/es\/wp-json\/wp\/v2\/product\/7230","targetHints":{"allow":["GET"]}}],"collection":[{"href":"https:\/\/maptheunknown.com\/es\/wp-json\/wp\/v2\/product"}],"about":[{"href":"https:\/\/maptheunknown.com\/es\/wp-json\/wp\/v2\/types\/product"}],"replies":[{"embeddable":true,"href":"https:\/\/maptheunknown.com\/es\/wp-json\/wp\/v2\/comments?post=7230"}],"wp:featuredmedia":[{"embeddable":true,"href":"https:\/\/maptheunknown.com\/es\/wp-json\/wp\/v2\/media\/9728"}],"wp:attachment":[{"href":"https:\/\/maptheunknown.com\/es\/wp-json\/wp\/v2\/media?parent=7230"}],"wp:term":[{"taxonomy":"product_brand","embeddable":true,"href":"https:\/\/maptheunknown.com\/es\/wp-json\/wp\/v2\/product_brand?post=7230"},{"taxonomy":"product_cat","embeddable":true,"href":"https:\/\/maptheunknown.com\/es\/wp-json\/wp\/v2\/product_cat?post=7230"},{"taxonomy":"product_tag","embeddable":true,"href":"https:\/\/maptheunknown.com\/es\/wp-json\/wp\/v2\/product_tag?post=7230"}],"curies":[{"name":"wp","href":"https:\/\/api.w.org\/{rel}","templated":true}]}}