{"id":7140,"date":"2019-08-26T10:19:29","date_gmt":"2019-08-26T15:19:29","guid":{"rendered":"https:\/\/maptheunknown.com\/?post_type=product&#038;p=7140"},"modified":"2024-04-16T02:05:02","modified_gmt":"2024-04-16T07:05:02","slug":"life-coaching","status":"publish","type":"product","link":"https:\/\/maptheunknown.com\/es\/producto\/life-coaching\/","title":{"rendered":"ELEVATE<\/br><h4>3-month Life Coaching Program<\/h4>"},"content":{"rendered":"<h3><b> \u00bfEst\u00e1s listo para convertirte en la mejor versi\u00f3n de ti mismo\/a?<\/b><\/h3>\n<p class=\"fw-special-title\">\u00a1\u00a1BUENAS NOTICIAS!! Si nunca has hecho un proceso de coaching conmigo, \u00a1tu primera sesi\u00f3n corre por mi cuenta! S\u00ed, es gratis. <a href=\"https:\/\/calendly.com\/francinacassaniti\">An\u00edmate y ag\u00e9ndala haciendo clic aqu\u00ed<\/a>! No excuses!! \ud83d\ude18<\/p>\n<h3 class=\"fw-special-title\"><span style=\"color: #222222; font-family: -apple-system, BlinkMacSystemFont, 'Segoe UI', Roboto, Oxygen-Sans, Ubuntu, Cantarell, 'Helvetica Neue', sans-serif;\">Resultados en...<\/span><\/h3>\n<div class=\"fw-category-name\">\n<ol>\n<li><strong>TOM\u00c1 LAS RIENDAS DE TU VIDA<\/strong>: empod\u00e9rate y comprom\u00e9tete a liderar el cambio que quieres ver en tu vida.<\/li>\n<li><strong>OBT\u00c9N CLARIDAD EN TU PROP\u00d3SITO:<\/strong> encuentra por qu\u00e9 quieres ir tras este sue\u00f1o y alin\u00e9alo con cada acci\u00f3n.<\/li>\n<li><strong>ALCANZA TUS OBJETIVOS:<\/strong> date cuenta de que es lo que te detiene y logra los resultados que deseas.<\/li>\n<\/ol>\n<\/div>\n<h3 class=\"fw-special-title\"><span style=\"color: #222222; font-family: -apple-system, BlinkMacSystemFont, 'Segoe UI', Roboto, Oxygen-Sans, Ubuntu, Cantarell, 'Helvetica Neue', sans-serif;\">\u00bfQu\u00e9 incluye este programa de coaching de vida de 3 meses?<\/span><\/h3>\n<ul>\n<li>Dos veces al mes sesiones de coaching privadas y en vivo de 60 minutos 1:1 con Francina Cassaniti.<\/li>\n<li>3 meses de soporte por correo electr\u00f3nico para mantenerte accountable y coaching en el momento.<\/li>\n<li>Ejercicios y actividades personalizados para complementar y reforzar el trabajo mental entre sesiones.<\/li>\n<li>Retos semanales que te sacar\u00e1n de tu zona de confort.<\/li>\n<li>Acceso a <a href=\"http:\/\/maptheunknown.com\/es\/nomadjournal\/\">Nomad Journal App Premium Plan<\/a> (disponible solo para usuarios de iPhone).<\/li>\n<\/ul>\n<h3 class=\"fw-special-title\">\u00bfPor Qu\u00e9 Coaching?<\/h3>\n<p>Seg\u00fan la Federaci\u00f3n Internacional de Coaching, \u201cCoaching consiste en trabajar junto con el cliente en un proceso creativo y estimulante, que lo inspirar\u00e1 a maximizar su potencial personal y profesional\".<\/p>\n<ul>\n<li><span style=\"font-weight: 400;\">La forma en que me gusta describir al Coaching Ontol\u00f3gico es como el arte del auto-descubrimiento, la ruptura mental y el empoderamiento a trav\u00e9s de preguntas poderosas y desafiantes que nunca nos hicimos.<\/span><\/li>\n<li style=\"font-weight: 400;\"><span style=\"font-weight: 400;\">Un Coach es un espejo de vos mismo\/a y no da consejos. Tenes todas las respuestas dentro de vos, yo como Coach te ayudar\u00e9 a profundizar en vos mismo\/a para encontrar las respuestas.<\/span><\/li>\n<li style=\"font-weight: 400;\"><span style=\"font-weight: 400;\">Un Coach puede hacer preguntas inc\u00f3modas. Si no te desaf\u00eda, no te cambia. Estamos aqu\u00ed para cambiar, para vivir la vida que queremos, no para estar c\u00f3modos.<\/span><\/li>\n<\/ul>\n<div class=\"fw-row\">\n<div id=\"column-6447f3ddf421d\" class=\"fw-col-xs-12\">\n<div class=\"fw-col-inner\">\n<h3><b>Una inversi\u00f3n en y para vos<\/b><\/h3>\n<\/div>\n<\/div>\n<\/div>\n<div class=\"fw-row\">\n<div id=\"column-6447f3de00246\" class=\"fw-col-xs-12\">\n<div class=\"fw-col-inner\">\n<p class=\"p1\">\u00a1Durante este proceso de coaching, vamos a trabajar juntos\/as! \u00a1S\u00ed, estaremos trabajando en vos mismo\/a! Vamos a profundizar en vos mismo\/a para entenderte, conectar con tus pasiones, c\u00f3mo queres vivir tu vida y ver qu\u00e9 te impide avanzar para hacer realidad tus sue\u00f1os hoy.<\/p>\n<p>Either the loving relationship of your dreams, the job or business of your dreams or go after your wildest dream and radically change your lifestyle.<\/p>\n<p class=\"p1\">Vamos a utilizar diferentes t\u00e9cnicas y herramientas basadas en mi experiencia profesional como Coach Ontol\u00f3gico y Reikista. Cada semana tendr\u00e1s diferentes ejercicios, desaf\u00edos y una sesi\u00f3n de Coaching online que te va ayudar a estar donde queres estar.<\/p>\n<p class=\"p1\">Creo que los sue\u00f1os existen para hacerlos realidad. Y para que sucedan, debemos tomar tiempo de auto-rreflexi\u00f3n y accionar. Me encantar\u00eda ayudarte a hacer realidad tus sue\u00f1os, as\u00ed que si tienes alguna pregunta o si sent\u00eds que es algo que te interesa, no dudes en contactarme a trav\u00e9s de las redes sociales a continuaci\u00f3n o visitando a la p\u00e1gina \"contactanos\" en el men\u00fa principal del website.<\/p>\n<p class=\"p1\">Este Programa de Coaching est\u00e1 disponible en Ingl\u00e9s y Espa\u00f1ol.<\/p>\n<p class=\"p1\">\u00a1Saca tu magia afuera, el mundo necesita m\u00e1s de eso! \u00a1Espero conocerte!<\/p>\n<div class=\"fw-row\">\n<div id=\"column-6447f3de00b2d\" class=\"fw-col-xs-12\">\n<div class=\"fw-col-inner\">\n<h3><b>\u00bfEst\u00e1s listo\/a para realizar tus sue\u00f1os?<\/b><\/h3>\n<hr \/>\n<\/div>\n<\/div>\n<\/div>\n<div class=\"fw-row\">\n<div id=\"column-6447f3de00d65\" class=\"fw-col-xs-12\">\n<div class=\"fw-col-inner\">\n<h4 class=\"wpz-btn-center\" style=\"text-align: left;\"><strong style=\"font-family: -apple-system, BlinkMacSystemFont, 'Segoe UI', Roboto, Oxygen-Sans, Ubuntu, Cantarell, 'Helvetica Neue', sans-serif; color: #222222;\">Log\u00edstica y recordatorios importantes:<\/strong><\/h4>\n<\/div>\n<\/div>\n<\/div>\n<\/div>\n<\/div>\n<\/div>\n<ul>\n<li><b>Tolerancia de 5 minutos de retraso.<span style=\"font-weight: 400;\"> Este es un compromiso con vos, as\u00ed que por favor respeta el tiempo tuyo y el de todos\/as.<\/span><\/b><\/li>\n<li><strong>Make sure to have a reliable <\/strong><b>internet connection with a speed of at least 3 Mbps download and 1 Mbps upload. <\/b>This is very important<span style=\"font-weight: 400;\">. <\/span><span style=\"font-weight: 400;\">We cannot do the coaching session if the connection is not reliable. Use this website to make sure you have the internet speed needed: <\/span><a href=\"https:\/\/www.speedtest.net\/\"><span style=\"font-weight: 400;\">https:\/\/www.speedtest.net<\/span><\/a><\/li>\n<li><b>Verific\u00e1 tu altavoz\/auriculares y micr\u00f3fono antes de cada sesi\u00f3n<span style=\"font-weight: 400;\">. Conversaremos sobre algunas cosas profundas y personales y nada mata m\u00e1s el momento que las interrupciones t\u00e9cnicas.<\/span><\/b><\/li>\n<li><strong>El diario <\/strong><b style=\"font-family: -apple-system, BlinkMacSystemFont, 'Segoe UI', Roboto, Oxygen-Sans, Ubuntu, Cantarell, 'Helvetica Neue', sans-serif;\">must be filled out every day<\/b><span style=\"font-weight: 400;\"> until the end of the coaching program.<\/span><\/li>\n<li><strong>Everything in the s<\/strong><b>esi\u00f3n es privado y confidencial.<\/b><span style=\"font-weight: 400;\"> Es un espacio seguro para expresarse y ser uno\/a mismo\/a.<\/span><\/li>\n<\/ul>","protected":false},"excerpt":{"rendered":"<p>Vos tenes un talento, un regalo, algo \u00fanico y m\u00e1gico para llevar al mundo. Tal vez ya sabes lo que es, pero no sabes c\u00f3mo hacerlo realidad o tal vez est\u00e1s en el camino de descubrir qu\u00e9 es, pero de seguro que queres un cambio en tu vida. Queres vivir una vida que valga la pena, no queres conformarte con una vida que no te motive o que no te brinde alegr\u00eda, queres poder vivir haciendo lo que amas. Es hora de cerrar esa brecha entre d\u00f3nde est\u00e1s ahora y d\u00f3nde queres estar.<\/p>\n<p class=\"p1\">Si esto resuena contigo, \u00a1entonces este Programa de Coaching de Vida cambiar\u00e1 tu vida!<\/p>\n<p>La forma en que me gusta describir al Coaching Ontol\u00f3gico es como el arte del auto-descubrimiento, la ruptura mental y el empoderamiento a trav\u00e9s de preguntas poderosas y desafiantes que nunca nos hicimos.<\/p>\n<p>Si est\u00e1 listo\/a no solo para hacer realidad tus sue\u00f1os, sino tambi\u00e9n para transformarte y tomar acci\u00f3n masiva, entonces este Programa de Coaching es para vos.<\/p>\n<p>Ejerzo Coaching internacionalmente desde 2017 tanto en ingl\u00e9s como en espa\u00f1ol enfoc\u00e1ndome en profesionales y emprendedores de Europa, Am\u00e9rica del Norte, Am\u00e9rica del Sur y Asia. En 2018, hice realidad mi sue\u00f1o de viajar por el mundo full-time y, con \u00e9l, se abri\u00f3 un mundo completamente nuevo para m\u00ed. Este nuevo estilo de vida de viaje me llev\u00f3 a m\u00e1s de 25 pa\u00edses, pero lo m\u00e1s importante fue que me enamor\u00e9 de mi vida. Hoy dirijo un negocio online haciendo lo que amo desde cualquier parte del mundo mientras tengo aventuras con mi pareja en todo el mundo. Estoy viviendo mi sue\u00f1o. Es por eso que me apasiona tanto ayudarte a alcanzar tus sue\u00f1os y construir tu propio freedom lifestyle donde puedas despertarte todos los d\u00edas diciendo \"AMO mi vida\".<\/p>\n<p>Si lo crees (y accionas), puedes crearlo. A trav\u00e9s de un proceso de Coaching, trabajaremos juntos para desbloquear tu potencial y lograr lo que est\u00e1s buscando. \u00a1Y la parte m\u00e1s emocionante es que lo har\u00e1s tu!<\/p>\n<p>Estar\u00e9 contigo todo el camino de principio a fin. Desde conectarse a su superpoder hasta comenzar a tomar acci\u00f3n masiva y comenzar a ver resultados reales.<\/p>\n<p>Si le\u00edste hasta aqu\u00ed, puedo sentir que est\u00e1s listo\/a para convertir esos sue\u00f1os en realidad. \u00a1Y no podr\u00eda estar m\u00e1s emocionada de coachearte para hacer realidad tus sue\u00f1os!<\/p>\n<p><em>&#8220;<\/em><em>Para hacer realidad tus sue\u00f1os debes superar el miedo a lo desconocido tomando acci\u00f3n.<\/em>&#8221; &#8211;\u00a0Francina Cassaniti<\/p>","protected":false},"featured_media":9007,"comment_status":"open","ping_status":"closed","template":"","meta":{"nf_dc_page":"","om_disable_all_campaigns":false,"jetpack_post_was_ever_published":false,"jetpack_publicize_message":"","jetpack_publicize_feature_enabled":true,"jetpack_social_post_already_shared":true,"jetpack_social_options":{"image_generator_settings":{"template":"highway","default_image_id":0,"font":"","enabled":false},"version":2}},"product_brand":[],"product_cat":[107],"product_tag":[],"class_list":{"0":"post-7140","1":"product","2":"type-product","3":"status-publish","4":"has-post-thumbnail","6":"product_cat-life-coaching","8":"first","9":"instock","10":"virtual","11":"taxable","12":"purchasable","13":"product-type-simple"},"jetpack_publicize_connections":[],"jetpack_sharing_enabled":true,"jetpack_likes_enabled":true,"_links":{"self":[{"href":"https:\/\/maptheunknown.com\/es\/wp-json\/wp\/v2\/product\/7140","targetHints":{"allow":["GET"]}}],"collection":[{"href":"https:\/\/maptheunknown.com\/es\/wp-json\/wp\/v2\/product"}],"about":[{"href":"https:\/\/maptheunknown.com\/es\/wp-json\/wp\/v2\/types\/product"}],"replies":[{"embeddable":true,"href":"https:\/\/maptheunknown.com\/es\/wp-json\/wp\/v2\/comments?post=7140"}],"wp:featuredmedia":[{"embeddable":true,"href":"https:\/\/maptheunknown.com\/es\/wp-json\/wp\/v2\/media\/9007"}],"wp:attachment":[{"href":"https:\/\/maptheunknown.com\/es\/wp-json\/wp\/v2\/media?parent=7140"}],"wp:term":[{"taxonomy":"product_brand","embeddable":true,"href":"https:\/\/maptheunknown.com\/es\/wp-json\/wp\/v2\/product_brand?post=7140"},{"taxonomy":"product_cat","embeddable":true,"href":"https:\/\/maptheunknown.com\/es\/wp-json\/wp\/v2\/product_cat?post=7140"},{"taxonomy":"product_tag","embeddable":true,"href":"https:\/\/maptheunknown.com\/es\/wp-json\/wp\/v2\/product_tag?post=7140"}],"curies":[{"name":"wp","href":"https:\/\/api.w.org\/{rel}","templated":true}]}}