{"id":7128,"date":"2019-08-14T09:13:32","date_gmt":"2019-08-14T12:13:32","guid":{"rendered":"https:\/\/maptheunknown.com\/?post_type=product&#038;p=7128"},"modified":"2024-04-16T02:06:03","modified_gmt":"2024-04-16T07:06:03","slug":"move","status":"publish","type":"product","link":"https:\/\/maptheunknown.com\/es\/producto\/move\/","title":{"rendered":"MOVE! Workshop"},"content":{"rendered":"<h1 style=\"text-align: center;\"><strong>MOVE! <\/strong><strong>Workshop<\/strong><\/h1>\n<p><b>Una sesi\u00f3n en vivo online de una hora cada semana durante un mes<\/b><span style=\"font-weight: 400;\"> - Estaremos trabajando juntos. Te vamos a guiar y coachear en vivo para que podamos conectarnos y realmente conocernos.<\/span><\/p>\n<p><b>Ejercicios de tarea<\/b><span style=\"font-weight: 400;\"> &#8211; These are personal activities that will help you organize, take action, and remove blockers that are stopping you from traveling.<\/span><\/p>\n<p><b>Framework and herramientas<\/b><span style=\"font-weight: 400;\"> - Vamos a compartir un framework y herramientas que te van ayudar a avanzar antes y durante el viaje.<\/span><\/p>\n<p><b>Un Diario Personal<\/b><span style=\"font-weight: 400;\"> &#8211; This is a daily perosnal journal which is a very important part of the workshop.<\/span><\/p>\n<p><span style=\"font-family: -apple-system, BlinkMacSystemFont, 'Segoe UI', Roboto, Oxygen-Sans, Ubuntu, Cantarell, 'Helvetica Neue', sans-serif;\"><span style=\"color: #ff0000;\"><b>** <\/b>Este es un workshop online en vivo<span style=\"font-weight: 400;\">as\u00ed que asegurate de <\/span><b>tener una conexi\u00f3n de internet<\/b> <b>fehaciente <\/b>\u00a0(al menos 3 Mbps de descarga y 1 Mbps de carga) antes de comprar. Esto es muy importante<\/span><span style=\"font-weight: 400;\"><span style=\"color: #ff0000;\">. No podemos hacer el workshop online en vivo si tu conexi\u00f3n a Internet no es confiable. Podes usar este sitio web para verificar tu velocidad de Internet:<\/span> <\/span><span style=\"color: #0000ff;\"><a style=\"color: #0000ff;\" href=\"https:\/\/www.speedtest.net\/\"><span style=\"font-weight: 400;\">https:\/\/www.speedtest.net<\/span><\/a><\/span><\/span><\/p>","protected":false},"excerpt":{"rendered":"<p class=\"p1\">El workshop incluye una sesi\u00f3n online de una hora cada semana durante 1 mes. \u00a1Durante este mes, vamos a trabajar juntos! \u00a1S\u00ed, trabajaremos en tu proyecto de vida! Vamos a trabajar para eliminar todo lo que te impide viajar y prepararte para tu viaje. Vamos a utilizar diferentes t\u00e9cnicas y herramientas basadas en mi experiencia profesional como Agile Coach y experiencias personales como World Traveler. Cada semana tendr\u00e1s diferentes ejercicios, desaf\u00edos y una sesi\u00f3n de Agile Coaching online en vivo que te ayudar\u00e1 a avanzar y ganar impulso para lograr tus objetivos. Al final del workshop, tendr\u00e1s un framework comprobado que podes usar para construir el estilo de vida de tus sue\u00f1os o cualquier proyecto de vida a futuro que puedas tener.<\/p>\n<div class=\"woocommerce-product-details__short-description\">\n<p><strong>*El precio del workshop est\u00e1 expresado en USD.<\/strong><\/p>\n<\/div>","protected":false},"featured_media":7086,"comment_status":"open","ping_status":"closed","template":"","meta":{"nf_dc_page":"","om_disable_all_campaigns":false,"jetpack_post_was_ever_published":false,"jetpack_publicize_message":"","jetpack_publicize_feature_enabled":true,"jetpack_social_post_already_shared":true,"jetpack_social_options":{"image_generator_settings":{"template":"highway","default_image_id":0,"font":"","enabled":false},"version":2}},"product_brand":[],"product_cat":[106],"product_tag":[109],"class_list":{"0":"post-7128","1":"product","2":"type-product","3":"status-publish","4":"has-post-thumbnail","6":"product_cat-workshop","7":"product_tag-workshop","9":"first","10":"instock","11":"virtual","12":"purchasable","13":"product-type-simple"},"jetpack_publicize_connections":[],"jetpack_sharing_enabled":true,"jetpack_likes_enabled":true,"_links":{"self":[{"href":"https:\/\/maptheunknown.com\/es\/wp-json\/wp\/v2\/product\/7128","targetHints":{"allow":["GET"]}}],"collection":[{"href":"https:\/\/maptheunknown.com\/es\/wp-json\/wp\/v2\/product"}],"about":[{"href":"https:\/\/maptheunknown.com\/es\/wp-json\/wp\/v2\/types\/product"}],"replies":[{"embeddable":true,"href":"https:\/\/maptheunknown.com\/es\/wp-json\/wp\/v2\/comments?post=7128"}],"wp:featuredmedia":[{"embeddable":true,"href":"https:\/\/maptheunknown.com\/es\/wp-json\/wp\/v2\/media\/7086"}],"wp:attachment":[{"href":"https:\/\/maptheunknown.com\/es\/wp-json\/wp\/v2\/media?parent=7128"}],"wp:term":[{"taxonomy":"product_brand","embeddable":true,"href":"https:\/\/maptheunknown.com\/es\/wp-json\/wp\/v2\/product_brand?post=7128"},{"taxonomy":"product_cat","embeddable":true,"href":"https:\/\/maptheunknown.com\/es\/wp-json\/wp\/v2\/product_cat?post=7128"},{"taxonomy":"product_tag","embeddable":true,"href":"https:\/\/maptheunknown.com\/es\/wp-json\/wp\/v2\/product_tag?post=7128"}],"curies":[{"name":"wp","href":"https:\/\/api.w.org\/{rel}","templated":true}]}}