{"id":7041,"date":"2019-07-03T04:23:51","date_gmt":"2019-07-02T21:23:51","guid":{"rendered":"https:\/\/maptheunknown.com\/?post_type=product&#038;p=7041"},"modified":"2024-04-16T02:05:42","modified_gmt":"2024-04-16T07:05:42","slug":"jump","status":"publish","type":"product","link":"https:\/\/maptheunknown.com\/es\/producto\/jump\/","title":{"rendered":"JUMP! Workshop"},"content":{"rendered":"<h1 style=\"text-align: center;\"><strong>JUMP! Workshop<\/strong><\/h1>\n<p><b>Un sesi\u00f3n de coaching online en vivo de 1 hora todas las semanas durante un mes<\/b><span style=\"font-weight: 400;\"> Estaremos trabajando juntos. Te vamos a guiar y coachear en vivo para que podamos conectarnos, conocernos y trabajar juntos para llegar a donde queres estar.<\/span><\/p>\n<p><b>Ejercicios de tarea<\/b><span style=\"font-weight: 400;\"> - Estas son actividades personales que te van a ayudar a conectar con vos mismo, comprenderte y tomar acci\u00f3n.<\/span><\/p>\n<p><b>Framework and herramientas<\/b><span style=\"font-weight: 400;\"> - Vamos a compartir un framework y herramientas que te van ayudar a avanzar antes y durante el viaje.<\/span><\/p>\n<p><b>Un Diario Personal<\/b><span style=\"font-weight: 400;\"> - Es un diario para hacer todos los d\u00edas. Es una herramienta muy importante y muy poderosa del workshop.<\/span><\/p>\n<p>&nbsp;<\/p>\n<p><span style=\"font-family: -apple-system, BlinkMacSystemFont, 'Segoe UI', Roboto, Oxygen-Sans, Ubuntu, Cantarell, 'Helvetica Neue', sans-serif;\"><span style=\"color: #ff0000;\"><b>** <\/b>Este es un workshop online en vivo<span style=\"font-weight: 400;\">as\u00ed que asegurate de <\/span><b>tener una conexi\u00f3n de internet<\/b> <b>fehaciente <\/b>\u00a0(al menos 3 Mbps de descarga y 1 Mbps de carga) antes de comprar. Esto es muy importante<\/span><span style=\"font-weight: 400;\"><span style=\"color: #ff0000;\">. No podemos hacer el workshop online en vivo si tu conexi\u00f3n a Internet no es confiable. Podes usar este sitio web para verificar tu velocidad de Internet:<\/span> <\/span><span style=\"color: #0000ff;\"><a style=\"color: #0000ff;\" href=\"https:\/\/www.speedtest.net\/\"><span style=\"font-weight: 400;\">https:\/\/www.speedtest.net<\/span><\/a><\/span><\/span><\/p>","protected":false},"excerpt":{"rendered":"<p>&nbsp;<\/p>\n<p>El workshop incluye una sesi\u00f3n de Coaching online de una hora cada semana durante 1 mes. \u00a1Durante este 1 mes, vamos a trabajar juntos\/as! \u00a1S\u00ed, estaremos trabajando en vos mismo\/a! Vamos a profundizar en vos mismo\/a para entenderte, conectar con tus pasiones, c\u00f3mo queres vivir tu vida y ver qu\u00e9 te impide avanzar. Vamos a utilizar diferentes t\u00e9cnicas y herramientas basadas en mi experiencia profesional como Coach Ontol\u00f3gico y experiencias personales como viajera. Cada semana tendr\u00e1s diferentes ejercicios, desaf\u00edos y una sesi\u00f3n de Coaching online que te va ayudar a estar donde queres estar. Al final del workshop, te proporcionaremos un framework que te va a ayudar a alcanzar tus objetivos y comenzar con el estilo de vida de viaje de tus sue\u00f1os.<\/p>\n<p><strong>*El precio del workshop est\u00e1 expresado en USD.<\/strong><\/p>","protected":false},"featured_media":7043,"comment_status":"open","ping_status":"closed","template":"","meta":{"nf_dc_page":"","om_disable_all_campaigns":false,"jetpack_post_was_ever_published":false,"jetpack_publicize_message":"","jetpack_publicize_feature_enabled":true,"jetpack_social_post_already_shared":true,"jetpack_social_options":{"image_generator_settings":{"template":"highway","default_image_id":0,"font":"","enabled":false},"version":2}},"product_brand":[],"product_cat":[106],"product_tag":[],"class_list":{"0":"post-7041","1":"product","2":"type-product","3":"status-publish","4":"has-post-thumbnail","6":"product_cat-workshop","8":"first","9":"instock","10":"virtual","11":"purchasable","12":"product-type-simple"},"jetpack_publicize_connections":[],"jetpack_sharing_enabled":true,"jetpack_likes_enabled":true,"_links":{"self":[{"href":"https:\/\/maptheunknown.com\/es\/wp-json\/wp\/v2\/product\/7041","targetHints":{"allow":["GET"]}}],"collection":[{"href":"https:\/\/maptheunknown.com\/es\/wp-json\/wp\/v2\/product"}],"about":[{"href":"https:\/\/maptheunknown.com\/es\/wp-json\/wp\/v2\/types\/product"}],"replies":[{"embeddable":true,"href":"https:\/\/maptheunknown.com\/es\/wp-json\/wp\/v2\/comments?post=7041"}],"wp:featuredmedia":[{"embeddable":true,"href":"https:\/\/maptheunknown.com\/es\/wp-json\/wp\/v2\/media\/7043"}],"wp:attachment":[{"href":"https:\/\/maptheunknown.com\/es\/wp-json\/wp\/v2\/media?parent=7041"}],"wp:term":[{"taxonomy":"product_brand","embeddable":true,"href":"https:\/\/maptheunknown.com\/es\/wp-json\/wp\/v2\/product_brand?post=7041"},{"taxonomy":"product_cat","embeddable":true,"href":"https:\/\/maptheunknown.com\/es\/wp-json\/wp\/v2\/product_cat?post=7041"},{"taxonomy":"product_tag","embeddable":true,"href":"https:\/\/maptheunknown.com\/es\/wp-json\/wp\/v2\/product_tag?post=7041"}],"curies":[{"name":"wp","href":"https:\/\/api.w.org\/{rel}","templated":true}]}}