{"id":7492,"date":"2020-09-27T05:47:34","date_gmt":"2020-09-26T22:47:34","guid":{"rendered":"https:\/\/maptheunknown.com\/?page_id=7492"},"modified":"2023-07-14T11:42:40","modified_gmt":"2023-07-14T16:42:40","slug":"nomadjournal","status":"publish","type":"page","link":"https:\/\/maptheunknown.com\/es\/nomadjournal\/","title":{"rendered":"<span class=\"header-title-main\">Estas listo\/a<br>para vivir el estilo de vida<br>de viaje de tus sue\u00f1os?<\/span><br> <div style=\"padding-top: 20px;\"> <a href=\"https:\/\/apps.apple.com\/us\/app\/nomad-journal\/id1532122996\"><img class=\"img-button-nj\" src=\"\/wp-content\/uploads\/2020\/07\/app-store-download.png\"><\/a> <a href=\"#earlyaccess\"><img class=\"img-button-nj\" src=\"\/wp-content\/uploads\/2020\/07\/google-play.png\"><\/a> <\/div>"},"content":{"rendered":"<p>\n\n\n<section id=\"section_id-17492\" class=\"fw-main-row fw-section-no-padding\" style=\" \" >\n\t<div class=\"fw-col-inner fw-container\" >\n\t\t<div class=\"fw-row\">\n\t\n<div id=\"column-69ea01afa0946\" class=\"fw-col-xs-12\" style=\" \">\n        <div class=\"fw-col-inner\" style=\"padding: 20px 0px 20px 0px;\">\n\t\t<h2 class=\"h2-nj\">BENEFICIOS<\/h2><p class=\"p1-nj\"><span class=\"span-nj-benefits\">Nomad Journal es tu Coach y tu mejor compa\u00f1ero en este viaje de hacer realidad el estilo de vida de sus sue\u00f1os. Es una aplicaci\u00f3n de journaling para so\u00f1adores y viajeros que te ayuda a estar motivado, mindful y enfocado en lo que realmente quieres.<\/span><\/p>\t<\/div>\n<\/div><\/div>\n\n\t<\/div>\n<\/section>\n\n\n<section id=\"section_id-27492\" class=\"fw-main-row-custom fw-section-no-padding\" style=\" \" >\n\t<div class=\"fw-col-inner fw-container\" style=\"padding: 0px 40px 40px 40px;\">\n\t\t<div class=\"fw-row\">\n\t\n<div id=\"column-69ea01afa0c52\" class=\"fw-col-xs-12 fw-col-sm-4\" style=\" \">\n        <div class=\"fw-col-inner\" style=\"padding: 0px 30px 0px 30px;\">\n\t\t<h3><img data-recalc-dims=\"1\" loading=\"lazy\" decoding=\"async\" class=\"aligncenter wp-image-7710\" src=\"https:\/\/i0.wp.com\/maptheunknown.com\/wp-content\/uploads\/2020\/09\/Benefits_3.png?resize=75%2C75&#038;ssl=1\" alt=\"\" width=\"75\" height=\"75\" srcset=\"https:\/\/i0.wp.com\/maptheunknown.com\/wp-content\/uploads\/2020\/09\/Benefits_3.png?w=150&amp;ssl=1 150w, https:\/\/i0.wp.com\/maptheunknown.com\/wp-content\/uploads\/2020\/09\/Benefits_3.png?resize=100%2C100&amp;ssl=1 100w, https:\/\/i0.wp.com\/maptheunknown.com\/wp-content\/uploads\/2020\/09\/Benefits_3.png?resize=55%2C55&amp;ssl=1 55w, https:\/\/i0.wp.com\/maptheunknown.com\/wp-content\/uploads\/2020\/09\/Benefits_3.png?resize=50%2C50&amp;ssl=1 50w\" sizes=\"auto, (max-width: 75px) 100vw, 75px\" \/><\/h3><h4 class=\"h4-nj\" style=\"text-align: center;\">OBJETIVOS<\/h4><p class=\"p1-nj-benefits\" style=\"text-align: center;\">Mantente enfocado y alineado con lo que realmente quieres y con tus sue\u00f1os.<\/p>\t<\/div>\n<\/div>\n<div id=\"column-69ea01afa0d57\" class=\"fw-col-xs-12 fw-col-sm-4\" style=\" \">\n        <div class=\"fw-col-inner\" style=\"padding: 0px 30px 0px 30px;\">\n\t\t<h3><img data-recalc-dims=\"1\" loading=\"lazy\" decoding=\"async\" class=\"aligncenter wp-image-7709\" src=\"https:\/\/i0.wp.com\/maptheunknown.com\/wp-content\/uploads\/2020\/09\/Benefits_2.png?resize=75%2C75&#038;ssl=1\" alt=\"\" width=\"75\" height=\"75\" srcset=\"https:\/\/i0.wp.com\/maptheunknown.com\/wp-content\/uploads\/2020\/09\/Benefits_2.png?w=150&amp;ssl=1 150w, https:\/\/i0.wp.com\/maptheunknown.com\/wp-content\/uploads\/2020\/09\/Benefits_2.png?resize=100%2C100&amp;ssl=1 100w, https:\/\/i0.wp.com\/maptheunknown.com\/wp-content\/uploads\/2020\/09\/Benefits_2.png?resize=55%2C55&amp;ssl=1 55w, https:\/\/i0.wp.com\/maptheunknown.com\/wp-content\/uploads\/2020\/09\/Benefits_2.png?resize=50%2C50&amp;ssl=1 50w\" sizes=\"auto, (max-width: 75px) 100vw, 75px\" \/><\/h3><h4 class=\"h4-nj\" style=\"text-align: center;\">BALANCE<\/h4><p class=\"p1-nj-benefits\" style=\"text-align: center;\">Mant\u00e9ngase positivo, motivado y equilibrado mientras disfruta de su estilo de vida de viaje.<\/p>\t<\/div>\n<\/div>\n<div id=\"column-69ea01afa0e44\" class=\"fw-col-xs-12 fw-col-sm-4\" style=\" \">\n        <div class=\"fw-col-inner\" style=\"padding: 0px 30px 0px 30px;\">\n\t\t<h3><img data-recalc-dims=\"1\" loading=\"lazy\" decoding=\"async\" class=\"aligncenter wp-image-7688\" src=\"https:\/\/i0.wp.com\/maptheunknown.com\/wp-content\/uploads\/2020\/09\/Benefits_1.png?resize=75%2C75&#038;ssl=1\" alt=\"\" width=\"75\" height=\"75\" srcset=\"https:\/\/i0.wp.com\/maptheunknown.com\/wp-content\/uploads\/2020\/09\/Benefits_1.png?w=150&amp;ssl=1 150w, https:\/\/i0.wp.com\/maptheunknown.com\/wp-content\/uploads\/2020\/09\/Benefits_1.png?resize=100%2C100&amp;ssl=1 100w, https:\/\/i0.wp.com\/maptheunknown.com\/wp-content\/uploads\/2020\/09\/Benefits_1.png?resize=55%2C55&amp;ssl=1 55w, https:\/\/i0.wp.com\/maptheunknown.com\/wp-content\/uploads\/2020\/09\/Benefits_1.png?resize=50%2C50&amp;ssl=1 50w\" sizes=\"auto, (max-width: 75px) 100vw, 75px\" \/><\/h3><h4 class=\"h4-nj\" style=\"text-align: center;\">VIAJES<\/h4><p class=\"p1-nj-benefits\" style=\"text-align: center;\">La forma m\u00e1s sencilla y eficaz de llevar un diario y recopilar sus recuerdos de viaje.<\/p>\t<\/div>\n<\/div><\/div>\n\n\t<\/div>\n<\/section>\n\n\n<section id=\"section_id-37492\" class=\"fw-main-row-custom fw-section-no-padding\" style=\"background-color:#f9f9f9; \" >\n\t<div class=\"fw-col-inner fw-container\" style=\"padding: 40px 0px 40px 0px;\">\n\t\t<div class=\"fw-row\">\n\t\n<div id=\"column-69ea01afa1163\" class=\"fw-col-xs-12 fw-col-sm-6\" style=\" \">\n        <div class=\"fw-col-inner\" >\n\t\t<img data-recalc-dims=\"1\" decoding=\"async\" src=\"https:\/\/i0.wp.com\/maptheunknown.com\/wp-content\/uploads\/2020\/09\/phones.png?w=930\" alt=\"\/\/maptheunknown.com\/wp-content\/uploads\/2020\/09\/phones.png\" \/>\t<\/div>\n<\/div>\n<div id=\"column-69ea01afa1405\" class=\"fw-col-xs-12 fw-col-sm-6\" style=\" \">\n        <div class=\"fw-col-inner\" style=\"padding: 0px 20px 0px 20px;\">\n\t\t<h4 class=\"h4-nj-blue\">C\u00d3MO FUNCIONA<\/h4><h2 class=\"h2-nj-howitworks\">LA LIBERTAD EST\u00c1<br \/>EN TUS MANOS<\/h2><p class=\"p1-nj-howitworks\">Dise\u00f1adA con herramientas de Life Coaching y Agile Coaching para ayudarte a aceptar la incertidumbre, crear equilibrio y actuar todos los d\u00edas para lograr sus sue\u00f1os.<\/p><p class=\"p1-nj-howitworks\">Insp\u00edrate con fotos de viajes, frases motivacionales y llena tu diario con una colecci\u00f3n de tus recuerdos y experiencias alrededor del mundo.<\/p>\t<\/div>\n<\/div><\/div>\n\n\t<\/div>\n<\/section>\n\n\n<section id=\"section_id-47492\" class=\"fw-main-row-custom fw-section-no-padding\" style=\"background-color:#dfbd69; \" >\n\t<div class=\"fw-col-inner fw-container\" style=\"padding: 40px 20px 40px 20px;\">\n\t\t<div class=\"fw-row\">\n\t\n<div id=\"column-69ea01afa16ae\" class=\"fw-col-xs-12\" style=\" \">\n        <div class=\"fw-col-inner\" >\n\t\t<p class=\"p1-nj-white\" style=\"text-align: center;\">DISPONIBLE EN EL APP STORE!<\/p>\t<\/div>\n<\/div><\/div>\n\n<div class=\"fw-row\">\n\t\n<div id=\"column-69ea01afa17f6\" class=\"fw-col-xs-12\" style=\" \">\n        <div class=\"fw-col-inner\" >\n\t\t<div style=\"padding-top: 10px; text-align: center;\"><a href=\"https:\/\/apps.apple.com\/us\/app\/nomad-journal\/id1532122996\" target=\"_blank\" rel=\"noopener noreferrer\"><img decoding=\"async\" class=\"img-button-nj\" src=\"\/wp-content\/uploads\/2020\/07\/app-store-download.png\" \/><\/a> <!--<a href=\"https:\/\/docs.google.com\/forms\/d\/e\/1FAIpQLSeuQmUw6FSyzmgeJ0QTVOMOI79MNzv2MBY2ERPn8W4m-D7Eig\/viewform\" target=\"_blank\" rel=\"noopener noreferrer\"><img decoding=\"async\" class=\"img-button-nj\" src=\"\/wp-content\/uploads\/2020\/07\/google-play.png\" \/><\/a>--><\/div>\t<\/div>\n<\/div><\/div>\n\n<div class=\"fw-row\">\n\t\n<div id=\"column-69ea01afa1933\" class=\"fw-col-xs-12\" style=\" \">\n        <div class=\"fw-col-inner\" >\n\t\t<p class=\"p1-nj-white\" style=\"text-align: center;\">EARLY ACCESS FOR ANDROID STARTS SOON WITH LIMITED SPOTS AVAILABLE.<br \/><strong>\u00a1REG\u00cdSTRATE AHORA Y OBT\u00c9N LA APLICACI\u00d3N DE ANDROID GRATIS!<\/strong><\/p>\t<\/div>\n<\/div><\/div>\n\n<div class=\"fw-row\">\n\t\n<div id=\"column-69ea01afa1a6f\" class=\"fw-col-xs-12\" style=\" \">\n        <div class=\"fw-col-inner\" >\n\t\t<p style=\"text-align: center;\"><span class=\"span-nj-earlyaccess-middle\"><input id=\"txtEmail2\" class=\"input-nj-earlyaccess-middle\" type=\"email\" placeholder=\"Tu email\" \/><button class=\"button-nj-earlyaccess-middle\" onclick=\"window.location.href='https:\/\/docs.google.com\/forms\/d\/e\/1FAIpQLScjD5IOB-n6Mm3jaQpxl5xzfaSVmbjDxrryVeZ__L6mpnGh8A\/viewform?usp=pp_url&entry.102745866='+encodeURIComponent(document.getElementById('txtEmail2').value);\">OBTENER EARLY ACCESS<\/button><\/span><\/p>\t<\/div>\n<\/div><\/div>\n\n\t<\/div>\n<\/section>\n\n\n<section id=\"section_id-57492\" class=\"fw-main-row-custom fw-section-no-padding  fw_theme_bg_fw-custom\" style=\" background-image:url(https:\/\/maptheunknown.com\/wp-content\/uploads\/2020\/09\/Couple_beach-e1601946128595.jpg); background-repeat: no-repeat; background-position: center center; background-size: cover;\" >\n<div class=\"fw-main-row-overlay overlay_color_1\" style=\"opacity: 0.5;\"><\/div>\t<div class=\"fw-col-inner fw-container\" style=\"padding: 100px 20px 100px 20px;\">\n\t\t<div class=\"fw-row\">\n\t\n<div id=\"column-69ea01afa1d07\" class=\"fw-col-xs-12\" style=\" \">\n        <div class=\"fw-col-inner\" >\n\t\t<h4 class=\"h4-nj-reasons\">Esta aplicaci\u00f3n es perfecta para ti si...<\/h4><ul><li class=\"li-nj\"><span class=\"span-nj-reason\"> Quieres sentirte consciente y crear un equilibrio en su estilo de vida de viaje.<\/span><\/li><li class=\"li-nj\"><span class=\"span-nj-reason\"> Quieres encontrar una rutina flexible que funcione para ti.<\/span><\/li><li class=\"li-nj\"><span class=\"span-nj-reason\"> Deseas encontrar una excelente manera de mantenerte enfocado, motivado y lograr tus objetivos. <\/span><\/li><\/ul>\t<\/div>\n<\/div><\/div>\n\n<div class=\"fw-row\">\n\t\n<div id=\"column-69ea01afa1e3d\" class=\"fw-col-xs-12\" style=\" \">\n        <div class=\"fw-col-inner\" >\n\t\t<h4 class=\"h4-nj-reasons\">Esta aplicaci\u00f3n NO es para ti si...<\/h4><ul><li class=\"li-nj\"><span class=\"span-nj-reason\"> Est\u00e1 buscando una experiencia de journaling de formato libre. <\/span><\/li><li class=\"li-nj\"><span class=\"span-nj-reason\"> No est\u00e1s dispuesto a tomarte tiempo para ti. <\/span><\/li><li class=\"li-nj\"><span class=\"span-nj-reason\">No quieres ir tras tus sue\u00f1os. <\/span><\/li><\/ul>\t<\/div>\n<\/div><\/div>\n\n\t<\/div>\n<\/section>\n\n\n<section id=\"section_id-67492\" class=\"fw-main-row-custom fw-section-no-padding\" style=\" \" >\n\t<div class=\"fw-col-inner fw-container\" style=\"padding: 20px 20px 20px 20px;\">\n\t\t<div class=\"fw-row\">\n\t\n<div id=\"column-69ea01afa2106\" class=\"fw-col-xs-12\" style=\" \">\n        <div class=\"fw-col-inner\" >\n\t\t<h2 class=\"h2-nj\" style=\"text-align: center;\">VALORACIONES<\/h2><p class=\"p1-nj\" style=\"text-align: center;\">Esto es lo que nuestras\/os usuarias\/os est\u00e1n diciendo...<\/p>\t<\/div>\n<\/div><\/div>\n\n<div class=\"fw-row\">\n\t\n<div id=\"column-69ea01afa2298\" class=\"fw-col-xs-12 fw-col-sm-4\" style=\" \">\n        <div class=\"fw-col-inner\" >\n\t\t<script>\n\tjQuery(document).ready(function ($) {\n\t\t$('#testimonials-69ea01afa23a6').carouFredSel({\n\t\t\tswipe: {\n\t\t\t\tonTouch: true\n\t\t\t},\n\t\t\tnext : \"#testimonials-69ea01afa23a6-next\",\n\t\t\tprev : \"#testimonials-69ea01afa23a6-prev\",\n\t\t\tpagination : \"#testimonials-69ea01afa23a6-controls\",\n\t\t\tresponsive: true,\n\t\t\tinfinite: false,\n\t\t\titems: 1,\n\t\t\tauto: false,\n\t\t\tscroll: {\n\t\t\t\titems : 1,\n\t\t\t\tfx: \"crossfade\",\n\t\t\t\teasing: \"linear\",\n\t\t\t\tduration: 300\n\t\t\t}\n\t\t});\n\t});\n<\/script>\n<div class=\"fw-testimonials fw-testimonials-2\">\n\t\n\t<div class=\"fw-testimonials-list\" id=\"testimonials-69ea01afa23a6\">\n\t\t\t\t\t<div class=\"fw-testimonials-item clearfix\">\n\t\t\t\t<div class=\"fw-testimonials-text\">\n\t\t\t\t\t<p>Nomad Journal me ayuda a sentirme mejor conmigo misma, con la vida que quiero, a ser m\u00e1s consciente, a vivir el presente y con las peque\u00f1as metas que nos proponemos. Tambi\u00e9n aprendo mucho y me interesan mucho los videos e historias compartidas en las notificaciones \ud83e\udde1<\/p>\n\t\t\t\t<\/div>\n\t\t\t\t<div class=\"fw-testimonials-meta\">\n\t\t\t\t\t<div class=\"fw-testimonials-avatar\">\n\t\t\t\t\t\t\t\t\t\t\t\t<img data-recalc-dims=\"1\" decoding=\"async\" src=\"https:\/\/i0.wp.com\/maptheunknown.com\/wp-content\/uploads\/2021\/08\/Screen-Shot-2021-08-31-at-3.17.14-PM.jpg?w=930\" alt=\"Juli\"\/>\n\t\t\t\t\t<\/div>\n\t\t\t\t\t<div class=\"fw-testimonials-author\">\n\t\t\t\t\t\t<span class=\"author-name\">Juli<\/span>\n\t\t\t\t\t\t<em>@juu_gonzalezz<\/em>\n\t\t\t\t\t\t<span class=\"fw-testimonials-url\">\n\t\t\t\t\t\t\t<a href=\"\"><\/a>\n\t\t\t\t\t\t<\/span>\n\t\t\t\t\t<\/div>\n\t\t\t\t<\/div>\n\t\t\t<\/div>\n\t\t\t<\/div>\n\n\t<div class=\"fw-testimonials-arrows\">\n\t\t<a class=\"prev\" id=\"testimonials-69ea01afa23a6-prev\" href=\"#\"><i class=\"fa\"><\/i><\/a>\n\t\t<a class=\"next\" id=\"testimonials-69ea01afa23a6-next\" href=\"#\"><i class=\"fa\"><\/i><\/a>\n\t<\/div>\n\n\t<div class=\"fw-testimonials-pagination\" id=\"testimonials-69ea01afa23a6-controls\"><\/div>\n<\/div>\t<\/div>\n<\/div>\n<div id=\"column-69ea01afa2453\" class=\"fw-col-xs-12 fw-col-sm-4\" style=\" \">\n        <div class=\"fw-col-inner\" >\n\t\t<script>\n\tjQuery(document).ready(function ($) {\n\t\t$('#testimonials-69ea01afa24eb').carouFredSel({\n\t\t\tswipe: {\n\t\t\t\tonTouch: true\n\t\t\t},\n\t\t\tnext : \"#testimonials-69ea01afa24eb-next\",\n\t\t\tprev : \"#testimonials-69ea01afa24eb-prev\",\n\t\t\tpagination : \"#testimonials-69ea01afa24eb-controls\",\n\t\t\tresponsive: true,\n\t\t\tinfinite: false,\n\t\t\titems: 1,\n\t\t\tauto: false,\n\t\t\tscroll: {\n\t\t\t\titems : 1,\n\t\t\t\tfx: \"crossfade\",\n\t\t\t\teasing: \"linear\",\n\t\t\t\tduration: 300\n\t\t\t}\n\t\t});\n\t});\n<\/script>\n<div class=\"fw-testimonials fw-testimonials-2\">\n\t\n\t<div class=\"fw-testimonials-list\" id=\"testimonials-69ea01afa24eb\">\n\t\t\t\t\t<div class=\"fw-testimonials-item clearfix\">\n\t\t\t\t<div class=\"fw-testimonials-text\">\n\t\t\t\t\t<p>Usar la aplicaci\u00f3n me ayuda a concentrarme especialmente en los d\u00edas dif\u00edciles \ud83d\ude42 Nomad Journal es una gran herramienta para concentrarme en lo que es realmente importante en la vida. Me gusta poder pensar en cosas por las que estar agradecido todos los d\u00edas y tambi\u00e9n ver mis objetivos para la semana. Disfruto incorporar este h\u00e1bito en mi rutina diaria y conectarme m\u00e1s profundamente conmigo misma. Me gustan mucho las notificaciones con consejos sobre las mejores formas de usar la aplicaci\u00f3n o convertirla en un h\u00e1bito, etc.<\/p>\n\t\t\t\t<\/div>\n\t\t\t\t<div class=\"fw-testimonials-meta\">\n\t\t\t\t\t<div class=\"fw-testimonials-avatar\">\n\t\t\t\t\t\t\t\t\t\t\t\t<img data-recalc-dims=\"1\" decoding=\"async\" src=\"https:\/\/i0.wp.com\/maptheunknown.com\/wp-content\/uploads\/2021\/08\/sofi-testimonial.jpeg?w=930\" alt=\"Sof\u00eda\"\/>\n\t\t\t\t\t<\/div>\n\t\t\t\t\t<div class=\"fw-testimonials-author\">\n\t\t\t\t\t\t<span class=\"author-name\">Sof\u00eda<\/span>\n\t\t\t\t\t\t<em>@proyecto.byakko<\/em>\n\t\t\t\t\t\t<span class=\"fw-testimonials-url\">\n\t\t\t\t\t\t\t<a href=\"\"><\/a>\n\t\t\t\t\t\t<\/span>\n\t\t\t\t\t<\/div>\n\t\t\t\t<\/div>\n\t\t\t<\/div>\n\t\t\t<\/div>\n\n\t<div class=\"fw-testimonials-arrows\">\n\t\t<a class=\"prev\" id=\"testimonials-69ea01afa24eb-prev\" href=\"#\"><i class=\"fa\"><\/i><\/a>\n\t\t<a class=\"next\" id=\"testimonials-69ea01afa24eb-next\" href=\"#\"><i class=\"fa\"><\/i><\/a>\n\t<\/div>\n\n\t<div class=\"fw-testimonials-pagination\" id=\"testimonials-69ea01afa24eb-controls\"><\/div>\n<\/div>\t<\/div>\n<\/div>\n<div id=\"column-69ea01afa2588\" class=\"fw-col-xs-12 fw-col-sm-4\" style=\" \">\n        <div class=\"fw-col-inner\" >\n\t\t<script>\n\tjQuery(document).ready(function ($) {\n\t\t$('#testimonials-69ea01afa260a').carouFredSel({\n\t\t\tswipe: {\n\t\t\t\tonTouch: true\n\t\t\t},\n\t\t\tnext : \"#testimonials-69ea01afa260a-next\",\n\t\t\tprev : \"#testimonials-69ea01afa260a-prev\",\n\t\t\tpagination : \"#testimonials-69ea01afa260a-controls\",\n\t\t\tresponsive: true,\n\t\t\tinfinite: false,\n\t\t\titems: 1,\n\t\t\tauto: false,\n\t\t\tscroll: {\n\t\t\t\titems : 1,\n\t\t\t\tfx: \"crossfade\",\n\t\t\t\teasing: \"linear\",\n\t\t\t\tduration: 300\n\t\t\t}\n\t\t});\n\t});\n<\/script>\n<div class=\"fw-testimonials fw-testimonials-2\">\n\t\n\t<div class=\"fw-testimonials-list\" id=\"testimonials-69ea01afa260a\">\n\t\t\t\t\t<div class=\"fw-testimonials-item clearfix\">\n\t\t\t\t<div class=\"fw-testimonials-text\">\n\t\t\t\t\t<p>Nomad Journal nos ayuda a declarar lo que queremos, a tomar conciencia de lo que estamos creando en nuestra vida y nos da la posibilidad de cambiarlo o potenciarlo.<\/p>\n\t\t\t\t<\/div>\n\t\t\t\t<div class=\"fw-testimonials-meta\">\n\t\t\t\t\t<div class=\"fw-testimonials-avatar\">\n\t\t\t\t\t\t\t\t\t\t\t\t<img data-recalc-dims=\"1\" decoding=\"async\" src=\"https:\/\/i0.wp.com\/maptheunknown.com\/wp-content\/uploads\/2021\/06\/70916210_10157161014639473_126951850220978176_n.jpg?w=930\" alt=\"Connie\"\/>\n\t\t\t\t\t<\/div>\n\t\t\t\t\t<div class=\"fw-testimonials-author\">\n\t\t\t\t\t\t<span class=\"author-name\">Connie<\/span>\n\t\t\t\t\t\t<em>@connie_areco<\/em>\n\t\t\t\t\t\t<span class=\"fw-testimonials-url\">\n\t\t\t\t\t\t\t<a href=\"\"><\/a>\n\t\t\t\t\t\t<\/span>\n\t\t\t\t\t<\/div>\n\t\t\t\t<\/div>\n\t\t\t<\/div>\n\t\t\t<\/div>\n\n\t<div class=\"fw-testimonials-arrows\">\n\t\t<a class=\"prev\" id=\"testimonials-69ea01afa260a-prev\" href=\"#\"><i class=\"fa\"><\/i><\/a>\n\t\t<a class=\"next\" id=\"testimonials-69ea01afa260a-next\" href=\"#\"><i class=\"fa\"><\/i><\/a>\n\t<\/div>\n\n\t<div class=\"fw-testimonials-pagination\" id=\"testimonials-69ea01afa260a-controls\"><\/div>\n<\/div>\t<\/div>\n<\/div><\/div>\n\n\t<\/div>\n<\/section>\n\n\n<section id=\"section_id-77492\" class=\"fw-main-row-custom fw-section-no-padding\" style=\" \" >\n\t<div class=\"fw-col-inner fw-container\" style=\"padding: 20px 20px 60px 20px;\">\n\t\t<div class=\"fw-row\">\n\t\n<div id=\"column-69ea01afa2843\" class=\"fw-col-xs-12\" style=\" \">\n        <div class=\"fw-col-inner\" >\n\t\t<p id=\"earlyaccess\" style=\"text-align: center;\"><span class=\"span-nj-gray\">DISPONIBLE EN EL APP STORE!<\/span><\/p>\t<\/div>\n<\/div><\/div>\n\n<div class=\"fw-row\">\n\t\n<div id=\"column-69ea01afa2990\" class=\"fw-col-xs-12\" style=\" \">\n        <div class=\"fw-col-inner\" >\n\t\t<div style=\"padding-top: 10px; text-align: center;\"><a href=\"https:\/\/apps.apple.com\/us\/app\/nomad-journal\/id1532122996\" target=\"_blank\" rel=\"noopener noreferrer\"><img decoding=\"async\" class=\"img-button-nj\" src=\"\/wp-content\/uploads\/2020\/07\/app-store-download.png\" \/><\/a><!-- <a href=\"https:\/\/play.google.com\/\" target=\"_blank\" rel=\"noopener noreferrer\"><img decoding=\"async\" class=\"img-button-nj\" src=\"\/wp-content\/uploads\/2020\/07\/google-play.png\" \/><\/a>--><\/div>\t<\/div>\n<\/div><\/div>\n\n<div class=\"fw-row\">\n\t\n<div id=\"column-69ea01afa2ada\" class=\"fw-col-xs-12\" style=\" \">\n        <div class=\"fw-col-inner\" >\n\t\t<p id=\"earlyaccess\" style=\"text-align: center;\"><span class=\"span-nj-gray\">EARLY ACCESS FOR ANDROID STARTS SOON WITH LIMITED SPOTS AVAILABLE.<\/span><br \/><span class=\"span-nj-gold\"><strong>\u00a1REG\u00cdSTRATE AHORA Y OBT\u00c9N LA APLICACI\u00d3N DE ANDROID GRATIS!<\/strong><\/span><\/p>\t<\/div>\n<\/div><\/div>\n\n<div class=\"fw-row\">\n\t\n<div id=\"column-69ea01afa2c12\" class=\"fw-col-xs-12\" style=\" \">\n        <div class=\"fw-col-inner\" >\n\t\t<p style=\"text-align: center;\"><span class=\"span-nj-earlyaccess-middle\"><input id=\"txtEmail3\" class=\"input-nj-earlyaccess-middle\" type=\"email\" placeholder=\"Tu email\" \/><button class=\"button-nj-earlyaccess-middle\" onclick=\"window.location.href='https:\/\/docs.google.com\/forms\/d\/e\/1FAIpQLScjD5IOB-n6Mm3jaQpxl5xzfaSVmbjDxrryVeZ__L6mpnGh8A\/viewform?usp=pp_url&entry.102745866='+encodeURIComponent(document.getElementById('txtEmail3').value);\">OBTENER EARLY ACCESS<\/button><\/span><\/p>\t<\/div>\n<\/div><\/div>\n\n\t<\/div>\n<\/section>\n\n\n<section id=\"section_id-87492\" class=\"fw-main-row-custom fw-section-no-padding\" style=\" \" >\n\t<div class=\"fw-col-inner fw-container\" style=\"padding: 0px 20px 40px 20px;\">\n\t\t<div class=\"fw-row\">\n\t\n<div id=\"column-69ea01afa2e6c\" class=\"fw-col-xs-12\" style=\" \">\n        <div class=\"fw-col-inner\" >\n\t\t<hr class=\"hr-nj\" width=\"100px\" \/>\t<\/div>\n<\/div><\/div>\n\n<div class=\"fw-row\">\n\t\n<div id=\"column-69ea01afa2fae\" class=\"fw-col-xs-12\" style=\" \">\n        <div class=\"fw-col-inner\" >\n\t\t<p style=\"text-align: center;\"><img data-recalc-dims=\"1\" loading=\"lazy\" decoding=\"async\" src=\"https:\/\/i0.wp.com\/maptheunknown.com\/wp-content\/uploads\/2020\/09\/Logo_gradient_con_catchword-632x248-1.png?resize=632%2C248&#038;ssl=1\" alt=\"\" width=\"632\" height=\"248\" \/><br \/><span class=\"fw-icon\"><span class=\"span-nj-gold\">FOLLOW US<\/span><br \/><a href=\"https:\/\/www.facebook.com\/JournalForNomads\/\" target=\"_blank\"><i class=\"fa fa-facebook-square nj\"><\/i><\/a><a href=\"https:\/\/www.instagram.com\/journalfornomads\/\" target=\"_blank\"><i class=\"fa fa-instagram nj\"><\/i><\/a><a href=\"https:\/\/www.pinterest.com\/journalfornomads\/\" target=\"_blank\"><i class=\"fa fa-pinterest-square nj\"><\/i><\/a><a href=\"https:\/\/www.youtube.com\/channel\/UC2tRn5rSb4ILqnFE9ZnOPnQ\/\" target=\"_blank\"><i class=\"fa fa-youtube-square nj\"><\/i><\/a><\/span><\/p>\t<\/div>\n<\/div><\/div>\n\n\t<\/div>\n<\/section><\/p>","protected":false},"excerpt":{"rendered":"<p>BENEFITSNomad Journal is your coach and your ultimate companion in this journey of making your dream traveling lifestyle a reality. It is a daily journal app for dreamers and travelers that helps you be motivated, mindful, and focused on what you really want. GOALSBe focused and aligned with what you [&hellip;]<\/p>\n","protected":false},"author":2,"featured_media":7627,"parent":0,"menu_order":0,"comment_status":"closed","ping_status":"closed","template":"page-templates\/full-width-builder.php","meta":{"nf_dc_page":"","om_disable_all_campaigns":false,"jetpack_post_was_ever_published":false,"footnotes":""},"class_list":["post-7492","page","type-page","status-publish","has-post-thumbnail","hentry"],"jetpack_sharing_enabled":true,"jetpack_shortlink":"https:\/\/wp.me\/P9HVjX-1WQ","jetpack_likes_enabled":true,"_links":{"self":[{"href":"https:\/\/maptheunknown.com\/es\/wp-json\/wp\/v2\/pages\/7492","targetHints":{"allow":["GET"]}}],"collection":[{"href":"https:\/\/maptheunknown.com\/es\/wp-json\/wp\/v2\/pages"}],"about":[{"href":"https:\/\/maptheunknown.com\/es\/wp-json\/wp\/v2\/types\/page"}],"author":[{"embeddable":true,"href":"https:\/\/maptheunknown.com\/es\/wp-json\/wp\/v2\/users\/2"}],"replies":[{"embeddable":true,"href":"https:\/\/maptheunknown.com\/es\/wp-json\/wp\/v2\/comments?post=7492"}],"version-history":[{"count":6,"href":"https:\/\/maptheunknown.com\/es\/wp-json\/wp\/v2\/pages\/7492\/revisions"}],"predecessor-version":[{"id":9166,"href":"https:\/\/maptheunknown.com\/es\/wp-json\/wp\/v2\/pages\/7492\/revisions\/9166"}],"wp:featuredmedia":[{"embeddable":true,"href":"https:\/\/maptheunknown.com\/es\/wp-json\/wp\/v2\/media\/7627"}],"wp:attachment":[{"href":"https:\/\/maptheunknown.com\/es\/wp-json\/wp\/v2\/media?parent=7492"}],"curies":[{"name":"wp","href":"https:\/\/api.w.org\/{rel}","templated":true}]}}