{"id":7389,"date":"2020-03-25T07:01:15","date_gmt":"2020-03-25T00:01:15","guid":{"rendered":"https:\/\/maptheunknown.com\/?page_id=7389"},"modified":"2020-04-23T08:02:53","modified_gmt":"2020-04-23T01:02:53","slug":"achieve-your-dreams","status":"publish","type":"page","link":"https:\/\/maptheunknown.com\/es\/achieve-your-dreams\/","title":{"rendered":"Realiz\u00e1 Tus Sue\u00f1os"},"content":{"rendered":"<section id=\"section_id-17389\" class=\"fw-main-row fw-section-no-padding\" style=\" \" >\n\t<div class=\"fw-col-inner fw-container\" >\n\t\t<div class=\"fw-row\">\n\t\n<div id=\"column-69ea12d333e75\" class=\"fw-col-xs-12\" style=\" \">\n        <div class=\"fw-col-inner\" >\n\t\t<div class=\"fw-heading fw-heading-center\" >\n\t\t<h3 class='fw-special-title'><font color=\"#ffcc00\" size=\"6\"> COMENZ\u00c1 AHORA<\/font><\/h3>\t<\/div>\t<\/div>\n<\/div><\/div>\n\n<div class=\"fw-row\">\n\t\n<div id=\"column-69ea12d33402a\" class=\"fw-col-xs-12\" style=\" \">\n        <div class=\"fw-col-inner\" >\n\t\t\n<div class=\"wpz-btn-center\">\n    <a href=\"https:\/\/maptheunknown.com\/es\/producto\/life-coaching\/\" target=\"_self\" class=\"wpz-btn wpz-btn-1\">\n    \t<span>RESERV\u00c1 TU SESI\u00d3N<\/span>\n    <\/a>\n<\/div>\n\t<\/div>\n<\/div><\/div>\n\n<div class=\"fw-row\">\n\t\n<div id=\"column-69ea12d3341f9\" class=\"fw-col-xs-12\" style=\" \">\n        <div class=\"fw-col-inner\" >\n\t\t<div class=\"fw-heading fw-heading-center\" >\n\t\t<h3 class='fw-special-title'><\/h3>\t\t\t<div class=\"fw-special-subtitle\">Vos tenes un talento, un regalo, algo \u00fanico y m\u00e1gico para llevar al mundo. Tal vez ya sabes lo que es, pero no sabes c\u00f3mo hacerlo realidad o tal vez est\u00e1s en el camino de descubrir qu\u00e9 es, pero de seguro que queres un cambio en tu vida. Queres vivir una vida que valga la pena, no queres conformarte con una vida que no te motive o que no te brinde alegr\u00eda, queres poder vivir haciendo lo que amas. Es hora de cerrar esa brecha entre d\u00f3nde est\u00e1s ahora y d\u00f3nde queres estar. <br><br> Si lo crees, podes crearlo. Hice realidad mi sue\u00f1o de vivir viajando por el mundo y estoy emocionada de ayudarte a hacer realidad tus sue\u00f1os. A trav\u00e9s de un proceso de Coaching, trabajaremos juntos\/as para desbloquear tu potencial y lograr lo que est\u00e1s buscando. Y la parte m\u00e1s emocionante, \u00a1lo vas a hacer vos mismo\/a!<\/div>\n\t<\/div>\t<\/div>\n<\/div><\/div>\n\n<div class=\"fw-row\">\n\t\n<div id=\"column-69ea12d334348\" class=\"fw-col-xs-12\" style=\" \">\n        <div class=\"fw-col-inner\" >\n\t\t<div class=\"fw-heading fw-heading-center\" >\n\t\t<h3 class='fw-special-title'>\u00bfPor Qu\u00e9 Coaching?<\/h3>\t<\/div>\t<\/div>\n<\/div><\/div>\n\n<div class=\"fw-row\">\n\t\n<div id=\"column-69ea12d3344ed\" class=\"fw-col-xs-12\" style=\" \">\n        <div class=\"fw-col-inner\" >\n\t\t<p class=\"p1\">La forma en que me gusta describir al Coaching Ontol\u00f3gico es como el arte del auto-descubrimiento, la ruptura mental y el empoderamiento a trav\u00e9s de preguntas poderosas y desafiantes que nunca nos hicimos. Seg\u00fan la Federaci\u00f3n Internacional de Coaching, \u201cCoaching consiste en trabajar junto con el cliente en un proceso creativo y estimulante, que lo inspirar\u00e1 a maximizar su potencial personal y profesional\".<\/p><ul><li class=\"p1\">Un Coach es un espejo de vos mismo\/a y no da consejos. Tenes todas las respuestas dentro de vos, yo como Coach te ayudar\u00e9 a profundizar en vos mismo\/a para encontrar las respuestas.<\/li><li class=\"p1\">Un Coach puede hacer preguntas inc\u00f3modas. Si no te desaf\u00eda, no te cambia. Estamos aqu\u00ed para cambiar, para vivir la vida que queremos, no para estar c\u00f3modos.<\/li><\/ul>\t<\/div>\n<\/div><\/div>\n\n<div class=\"fw-row\">\n\t\n<div id=\"column-69ea12d334655\" class=\"fw-col-xs-12\" style=\" \">\n        <div class=\"fw-col-inner\" >\n\t\t<div class=\"fw-heading fw-heading-center\" >\n\t\t<h3 class='fw-special-title'>Beneficios de tener un Coach<\/h3>\t<\/div>\t<\/div>\n<\/div><\/div>\n\n<div class=\"fw-row\">\n\t\n<div id=\"column-69ea12d3347e2\" class=\"fw-col-xs-12 fw-col-sm-4\" style=\" \">\n        <div class=\"fw-col-inner\" >\n\t\t\n<div class=\"fw-category-image\" style=\"background-image: url(\/\/maptheunknown.com\/wp-content\/uploads\/2019\/11\/THE-MOST-COLORFUL-MOUNTAINS_WEBSITE_LANDSCAPE.jpg);\">\n\n\n    \n    \t<div class=\"fw-category-inner\">\n    \t\t<div class=\"fw-category-name\">\n    \t\t\t<h3>TOM\u00c1 LAS RIENDAS DE TU VIDA<\/h3>\n    \t\t\t<span><\/span>\n    \t\t<\/div>\n    \t\t<div class=\"fw-category-text\">\n    \t\t\t<p>Empoderate y comprometete en liderar el cambio que queres ver en tu vida. Vos sos el l\u00edder en este proceso.<\/p>\n    \t\t<\/div>\n\n\n            \n\n    \t<\/div>\n\n    <\/div>\n\t<\/div>\n<\/div>\n<div id=\"column-69ea12d334933\" class=\"fw-col-xs-12 fw-col-sm-4\" style=\" \">\n        <div class=\"fw-col-inner\" >\n\t\t\n<div class=\"fw-category-image\" style=\"background-image: url(\/\/maptheunknown.com\/wp-content\/uploads\/2020\/04\/Camugao-Falls-scaled.jpg);\">\n\n\n    \n    \t<div class=\"fw-category-inner\">\n    \t\t<div class=\"fw-category-name\">\n    \t\t\t<h3>OBTEN\u00c9 CLARIDAD EN TU PROP\u00d3SITO<\/h3>\n    \t\t\t<span><\/span>\n    \t\t<\/div>\n    \t\t<div class=\"fw-category-text\">\n    \t\t\t<p>Descubr\u00ed para qu\u00e9 queres ir por ese sue\u00f1o y logr\u00e1 alinear cada acci\u00f3n y decisi\u00f3n que tomas con ese prop\u00f3sito.<\/p>\n    \t\t<\/div>\n\n\n            \n\n    \t<\/div>\n\n    <\/div>\n\t<\/div>\n<\/div>\n<div id=\"column-69ea12d3349fb\" class=\"fw-col-xs-12 fw-col-sm-4\" style=\" \">\n        <div class=\"fw-col-inner\" >\n\t\t\n<div class=\"fw-category-image\" style=\"background-image: url(\/\/maptheunknown.com\/wp-content\/uploads\/2019\/04\/S2E9-Why-You-Should-Trek-In-El-Chalten-Thumbnail-Website-3428.jpg);\">\n\n\n    \n    \t<div class=\"fw-category-inner\">\n    \t\t<div class=\"fw-category-name\">\n    \t\t\t<h3>ALCANZ\u00c1<br>TUS METAS<\/h3>\n    \t\t\t<span><\/span>\n    \t\t<\/div>\n    \t\t<div class=\"fw-category-text\">\n    \t\t\t<p>Date cuenta de qu\u00e9 es lo que te est\u00e1 frenando y logr\u00e1 los resultados que queres.<\/p>\n    \t\t<\/div>\n\n\n            \n\n    \t<\/div>\n\n    <\/div>\n\t<\/div>\n<\/div><\/div>\n\n<div class=\"fw-row\">\n\t\n<div id=\"column-69ea12d334b1a\" class=\"fw-col-xs-12\" style=\" \">\n        <div class=\"fw-col-inner\" >\n\t\t<h3 style=\"text-align: center;\"><span style=\"color: #333333;\"><b>Una inversi\u00f3n en y para vos<\/b><\/span><\/h3>\t<\/div>\n<\/div><\/div>\n\n<div class=\"fw-row\">\n\t\n<div id=\"column-69ea12d334c05\" class=\"fw-col-xs-12\" style=\" \">\n        <div class=\"fw-col-inner\" >\n\t\t<p class=\"p1\">\u00a1Durante este proceso de coaching, vamos a trabajar juntos\/as! \u00a1S\u00ed, estaremos trabajando en vos mismo\/a! Vamos a profundizar en vos mismo\/a para entenderte, conectar con tus pasiones, c\u00f3mo queres vivir tu vida y ver qu\u00e9 te impide avanzar para hacer realidad tus sue\u00f1os hoy. Vamos a utilizar diferentes t\u00e9cnicas y herramientas basadas en mi experiencia profesional como Coach Ontol\u00f3gico y Reikista. Cada semana tendr\u00e1s diferentes ejercicios, desaf\u00edos y una sesi\u00f3n de Coaching online que te va ayudar a estar donde queres estar.<\/p><p class=\"p1\">Creo que los sue\u00f1os existen para hacerlos realidad. Y para que sucedan, debemos tomar tiempo de auto-rreflexi\u00f3n y accionar. Me encantar\u00eda ayudarte a hacer realidad tus sue\u00f1os, as\u00ed que si tienes alguna pregunta o si sent\u00eds que es algo que te interesa, no dudes en contactarme a trav\u00e9s de las redes sociales a continuaci\u00f3n o visitando a la p\u00e1gina \"contactanos\" en el men\u00fa principal del website.<\/p><p class=\"p1\">Este proceso de Coaching est\u00e1 disponible en Ingl\u00e9s y Espa\u00f1ol.<\/p><p class=\"p1\">\u00a1Saca tu magia afuera, el mundo necesita m\u00e1s de eso! \u00a1Espero conocerte!<\/p>\t<\/div>\n<\/div><\/div>\n\n<div class=\"fw-row\">\n\t\n<div id=\"column-69ea12d334d0a\" class=\"fw-col-xs-12\" style=\" \">\n        <div class=\"fw-col-inner\" >\n\t\t\n\t<div class=\"fw-divider-space\" style=\"padding-top: 50px;\"><\/div>\n\t<\/div>\n<\/div><\/div>\n\n<div class=\"fw-row\">\n\t\n<div id=\"column-69ea12d334e26\" class=\"fw-col-xs-12\" style=\" \">\n        <div class=\"fw-col-inner\" >\n\t\t<h3 style=\"text-align: center;\"><span style=\"color: #333333;\"><b>\u00bfEst\u00e1s listo\/a para realizar tus sue\u00f1os?<\/b><\/span><\/h3>\t<\/div>\n<\/div><\/div>\n\n<div class=\"fw-row\">\n\t\n<div id=\"column-69ea12d334f2e\" class=\"fw-col-xs-12\" style=\" \">\n        <div class=\"fw-col-inner\" >\n\t\t\n<div class=\"wpz-btn-center\">\n    <a href=\"https:\/\/maptheunknown.com\/es\/producto\/life-coaching\/\" target=\"_self\" class=\"wpz-btn wpz-btn-1\">\n    \t<span>RESERV\u00c1 TU SESI\u00d3N<\/span>\n    <\/a>\n<\/div>\n\t<\/div>\n<\/div><\/div>\n\n<div class=\"fw-row\">\n\t\n<div id=\"column-69ea12d335074\" class=\"fw-col-xs-12\" style=\" \">\n        <div class=\"fw-col-inner\" >\n\t\t\n\t<div class=\"fw-divider-space\" style=\"padding-top: 50px;\"><\/div>\n\t<\/div>\n<\/div><\/div>\n\n<div class=\"fw-row\">\n\t\n<div id=\"column-69ea12d335195\" class=\"fw-col-xs-12\" style=\" \">\n        <div class=\"fw-col-inner\" >\n\t\t\t<div class=\"fw-divider-line\"><hr\/><\/div>\n\n\t<\/div>\n<\/div><\/div>\n\n<div class=\"fw-row\">\n\t\n<div id=\"column-69ea12d3352c0\" class=\"fw-col-xs-12\" style=\" \">\n        <div class=\"fw-col-inner\" >\n\t\t<div class=\"fw-heading fw-heading-center\" >\n\t\t<h2 class='fw-special-title'>Testimonios<\/h2>\t\t\t<div class=\"fw-special-subtitle\">Nuestra misi\u00f3n es inspirar y empoderar a las personas para que vivan el estilo de vida de sus sue\u00f1os. Mir\u00e1 lo que otros dicen. <\/div>\n\t<\/div>\t<\/div>\n<\/div><\/div>\n\n<div class=\"fw-row\">\n\t\n<div id=\"column-69ea12d335478\" class=\"fw-col-xs-12 fw-col-sm-3\" style=\" \">\n        <div class=\"fw-col-inner\" >\n\t\t<script>\n\tjQuery(document).ready(function ($) {\n\t\t$('#testimonials-69ea12d335560').carouFredSel({\n\t\t\tswipe: {\n\t\t\t\tonTouch: true\n\t\t\t},\n\t\t\tnext : \"#testimonials-69ea12d335560-next\",\n\t\t\tprev : \"#testimonials-69ea12d335560-prev\",\n\t\t\tpagination : \"#testimonials-69ea12d335560-controls\",\n\t\t\tresponsive: true,\n\t\t\tinfinite: false,\n\t\t\titems: 1,\n\t\t\tauto: false,\n\t\t\tscroll: {\n\t\t\t\titems : 1,\n\t\t\t\tfx: \"crossfade\",\n\t\t\t\teasing: \"linear\",\n\t\t\t\tduration: 300\n\t\t\t}\n\t\t});\n\t});\n<\/script>\n<div class=\"fw-testimonials fw-testimonials-2\">\n\t\t\t<h3 class=\"fw-testimonials-title\">Cambi\u00f3 Mi Mentalidad<\/h3>\n\t\n\t<div class=\"fw-testimonials-list\" id=\"testimonials-69ea12d335560\">\n\t\t\t\t\t<div class=\"fw-testimonials-item clearfix\">\n\t\t\t\t<div class=\"fw-testimonials-text\">\n\t\t\t\t\t<p>\"Realmente cambi\u00f3 mi mentalidad, me hizo mucho m\u00e1s positiva con respecto a mi perspectiva de la vida y realmente me trajo confianza y una nueva forma de ver el miedo. Ustedes est\u00e1n cambiando el mundo de una persona a la vez y eso es algo asombroso.\"<\/p>\n\t\t\t\t<\/div>\n\t\t\t\t<div class=\"fw-testimonials-meta\">\n\t\t\t\t\t<div class=\"fw-testimonials-avatar\">\n\t\t\t\t\t\t\t\t\t\t\t\t<img data-recalc-dims=\"1\" decoding=\"async\" src=\"https:\/\/i0.wp.com\/maptheunknown.com\/wp-content\/uploads\/2019\/08\/21316252_10203634697105278_7714494005362509418_o.jpg?w=930\" alt=\"Michelle Ranah Moreno\"\/>\n\t\t\t\t\t<\/div>\n\t\t\t\t\t<div class=\"fw-testimonials-author\">\n\t\t\t\t\t\t<span class=\"author-name\">Michelle Ranah Moreno<\/span>\n\t\t\t\t\t\t<em>Filipinas<\/em>\n\t\t\t\t\t\t<span class=\"fw-testimonials-url\">\n\t\t\t\t\t\t\t<a href=\"\"><\/a>\n\t\t\t\t\t\t<\/span>\n\t\t\t\t\t<\/div>\n\t\t\t\t<\/div>\n\t\t\t<\/div>\n\t\t\t<\/div>\n\n\t<div class=\"fw-testimonials-arrows\">\n\t\t<a class=\"prev\" id=\"testimonials-69ea12d335560-prev\" href=\"#\"><i class=\"fa\"><\/i><\/a>\n\t\t<a class=\"next\" id=\"testimonials-69ea12d335560-next\" href=\"#\"><i class=\"fa\"><\/i><\/a>\n\t<\/div>\n\n\t<div class=\"fw-testimonials-pagination\" id=\"testimonials-69ea12d335560-controls\"><\/div>\n<\/div>\t<\/div>\n<\/div>\n<div id=\"column-69ea12d3355f6\" class=\"fw-col-xs-12 fw-col-sm-3\" style=\" \">\n        <div class=\"fw-col-inner\" >\n\t\t<script>\n\tjQuery(document).ready(function ($) {\n\t\t$('#testimonials-69ea12d335687').carouFredSel({\n\t\t\tswipe: {\n\t\t\t\tonTouch: true\n\t\t\t},\n\t\t\tnext : \"#testimonials-69ea12d335687-next\",\n\t\t\tprev : \"#testimonials-69ea12d335687-prev\",\n\t\t\tpagination : \"#testimonials-69ea12d335687-controls\",\n\t\t\tresponsive: true,\n\t\t\tinfinite: false,\n\t\t\titems: 1,\n\t\t\tauto: false,\n\t\t\tscroll: {\n\t\t\t\titems : 1,\n\t\t\t\tfx: \"crossfade\",\n\t\t\t\teasing: \"linear\",\n\t\t\t\tduration: 300\n\t\t\t}\n\t\t});\n\t});\n<\/script>\n<div class=\"fw-testimonials fw-testimonials-2\">\n\t\t\t<h3 class=\"fw-testimonials-title\">Auto-empoderamiento<\/h3>\n\t\n\t<div class=\"fw-testimonials-list\" id=\"testimonials-69ea12d335687\">\n\t\t\t\t\t<div class=\"fw-testimonials-item clearfix\">\n\t\t\t\t<div class=\"fw-testimonials-text\">\n\t\t\t\t\t<p>\"Me ayud\u00f3 mucho en un momento muy complicado de mi vida. En un proceso de 4 sesiones, pude poner todo en perspectiva, darme cuenta de las cosas que quer\u00eda cambiar y encontrar herramientas para hacerlo.\"<\/p>\n\t\t\t\t<\/div>\n\t\t\t\t<div class=\"fw-testimonials-meta\">\n\t\t\t\t\t<div class=\"fw-testimonials-avatar\">\n\t\t\t\t\t\t\t\t\t\t\t\t<img data-recalc-dims=\"1\" decoding=\"async\" src=\"https:\/\/i0.wp.com\/maptheunknown.com\/wp-content\/uploads\/2019\/06\/65885408_903814783300062_3464705428548485120_n.jpg?w=930\" alt=\"Tom\u00e1s Suardi\"\/>\n\t\t\t\t\t<\/div>\n\t\t\t\t\t<div class=\"fw-testimonials-author\">\n\t\t\t\t\t\t<span class=\"author-name\">Tom\u00e1s Suardi<\/span>\n\t\t\t\t\t\t<em>Argentina<\/em>\n\t\t\t\t\t\t<span class=\"fw-testimonials-url\">\n\t\t\t\t\t\t\t<a href=\"\"><\/a>\n\t\t\t\t\t\t<\/span>\n\t\t\t\t\t<\/div>\n\t\t\t\t<\/div>\n\t\t\t<\/div>\n\t\t\t<\/div>\n\n\t<div class=\"fw-testimonials-arrows\">\n\t\t<a class=\"prev\" id=\"testimonials-69ea12d335687-prev\" href=\"#\"><i class=\"fa\"><\/i><\/a>\n\t\t<a class=\"next\" id=\"testimonials-69ea12d335687-next\" href=\"#\"><i class=\"fa\"><\/i><\/a>\n\t<\/div>\n\n\t<div class=\"fw-testimonials-pagination\" id=\"testimonials-69ea12d335687-controls\"><\/div>\n<\/div>\t<\/div>\n<\/div>\n<div id=\"column-69ea12d335729\" class=\"fw-col-xs-12 fw-col-sm-3\" style=\" \">\n        <div class=\"fw-col-inner\" >\n\t\t<script>\n\tjQuery(document).ready(function ($) {\n\t\t$('#testimonials-69ea12d3357c2').carouFredSel({\n\t\t\tswipe: {\n\t\t\t\tonTouch: true\n\t\t\t},\n\t\t\tnext : \"#testimonials-69ea12d3357c2-next\",\n\t\t\tprev : \"#testimonials-69ea12d3357c2-prev\",\n\t\t\tpagination : \"#testimonials-69ea12d3357c2-controls\",\n\t\t\tresponsive: true,\n\t\t\tinfinite: false,\n\t\t\titems: 1,\n\t\t\tauto: false,\n\t\t\tscroll: {\n\t\t\t\titems : 1,\n\t\t\t\tfx: \"crossfade\",\n\t\t\t\teasing: \"linear\",\n\t\t\t\tduration: 300\n\t\t\t}\n\t\t});\n\t});\n<\/script>\n<div class=\"fw-testimonials fw-testimonials-2\">\n\t\t\t<h3 class=\"fw-testimonials-title\">Cambi\u00f3 Mi Vida<\/h3>\n\t\n\t<div class=\"fw-testimonials-list\" id=\"testimonials-69ea12d3357c2\">\n\t\t\t\t\t<div class=\"fw-testimonials-item clearfix\">\n\t\t\t\t<div class=\"fw-testimonials-text\">\n\t\t\t\t\t<p>\"Si eres una persona con grandes sue\u00f1os, quieres vivir tu pasi\u00f3n y no sabes c\u00f3mo hacerlo, Map The Unknown cambiar\u00e1 tu vida.\"<\/p>\n\t\t\t\t<\/div>\n\t\t\t\t<div class=\"fw-testimonials-meta\">\n\t\t\t\t\t<div class=\"fw-testimonials-avatar\">\n\t\t\t\t\t\t\t\t\t\t\t\t<img data-recalc-dims=\"1\" decoding=\"async\" src=\"https:\/\/i0.wp.com\/maptheunknown.com\/wp-content\/uploads\/2019\/06\/52764673_2247280235483892_9144474011613265920_o.jpg?w=930\" alt=\"Santiago Bohadaa\"\/>\n\t\t\t\t\t<\/div>\n\t\t\t\t\t<div class=\"fw-testimonials-author\">\n\t\t\t\t\t\t<span class=\"author-name\">Santiago Bohadaa<\/span>\n\t\t\t\t\t\t<em>Colombia<\/em>\n\t\t\t\t\t\t<span class=\"fw-testimonials-url\">\n\t\t\t\t\t\t\t<a href=\"\"><\/a>\n\t\t\t\t\t\t<\/span>\n\t\t\t\t\t<\/div>\n\t\t\t\t<\/div>\n\t\t\t<\/div>\n\t\t\t<\/div>\n\n\t<div class=\"fw-testimonials-arrows\">\n\t\t<a class=\"prev\" id=\"testimonials-69ea12d3357c2-prev\" href=\"#\"><i class=\"fa\"><\/i><\/a>\n\t\t<a class=\"next\" id=\"testimonials-69ea12d3357c2-next\" href=\"#\"><i class=\"fa\"><\/i><\/a>\n\t<\/div>\n\n\t<div class=\"fw-testimonials-pagination\" id=\"testimonials-69ea12d3357c2-controls\"><\/div>\n<\/div>\t<\/div>\n<\/div>\n<div id=\"column-69ea12d33585e\" class=\"fw-col-xs-12 fw-col-sm-3\" style=\" \">\n        <div class=\"fw-col-inner\" >\n\t\t<script>\n\tjQuery(document).ready(function ($) {\n\t\t$('#testimonials-69ea12d3358de').carouFredSel({\n\t\t\tswipe: {\n\t\t\t\tonTouch: true\n\t\t\t},\n\t\t\tnext : \"#testimonials-69ea12d3358de-next\",\n\t\t\tprev : \"#testimonials-69ea12d3358de-prev\",\n\t\t\tpagination : \"#testimonials-69ea12d3358de-controls\",\n\t\t\tresponsive: true,\n\t\t\tinfinite: false,\n\t\t\titems: 1,\n\t\t\tauto: false,\n\t\t\tscroll: {\n\t\t\t\titems : 1,\n\t\t\t\tfx: \"crossfade\",\n\t\t\t\teasing: \"linear\",\n\t\t\t\tduration: 300\n\t\t\t}\n\t\t});\n\t});\n<\/script>\n<div class=\"fw-testimonials fw-testimonials-2\">\n\t\t\t<h3 class=\"fw-testimonials-title\">Conquistando El Miedo<\/h3>\n\t\n\t<div class=\"fw-testimonials-list\" id=\"testimonials-69ea12d3358de\">\n\t\t\t\t\t<div class=\"fw-testimonials-item clearfix\">\n\t\t\t\t<div class=\"fw-testimonials-text\">\n\t\t\t\t\t<p>\"\u00a1Me ayud\u00f3 a darme cuenta de que ten\u00eda muchos miedos que me imped\u00edan hacer lo que quer\u00eda! Sol\u00eda usar a otros como excusa, pero me di cuenta de que era yo quien necesitaba tomar decisiones.\"<\/p>\n\t\t\t\t<\/div>\n\t\t\t\t<div class=\"fw-testimonials-meta\">\n\t\t\t\t\t<div class=\"fw-testimonials-avatar\">\n\t\t\t\t\t\t\t\t\t\t\t\t<img data-recalc-dims=\"1\" decoding=\"async\" src=\"https:\/\/i0.wp.com\/maptheunknown.com\/wp-content\/uploads\/2019\/06\/Wanda-.jpg?w=930\" alt=\"Wanda Galvis\"\/>\n\t\t\t\t\t<\/div>\n\t\t\t\t\t<div class=\"fw-testimonials-author\">\n\t\t\t\t\t\t<span class=\"author-name\">Wanda Galvis<\/span>\n\t\t\t\t\t\t<em>Colombia<\/em>\n\t\t\t\t\t\t<span class=\"fw-testimonials-url\">\n\t\t\t\t\t\t\t<a href=\"\"><\/a>\n\t\t\t\t\t\t<\/span>\n\t\t\t\t\t<\/div>\n\t\t\t\t<\/div>\n\t\t\t<\/div>\n\t\t\t<\/div>\n\n\t<div class=\"fw-testimonials-arrows\">\n\t\t<a class=\"prev\" id=\"testimonials-69ea12d3358de-prev\" href=\"#\"><i class=\"fa\"><\/i><\/a>\n\t\t<a class=\"next\" id=\"testimonials-69ea12d3358de-next\" href=\"#\"><i class=\"fa\"><\/i><\/a>\n\t<\/div>\n\n\t<div class=\"fw-testimonials-pagination\" id=\"testimonials-69ea12d3358de-controls\"><\/div>\n<\/div>\t<\/div>\n<\/div><\/div>\n\n<div class=\"fw-row\">\n\t\n<div id=\"column-69ea12d3359d7\" class=\"fw-col-xs-12\" style=\" \">\n        <div class=\"fw-col-inner\" >\n\t\t\t<div class=\"fw-divider-line\"><hr\/><\/div>\n\n\t<\/div>\n<\/div><\/div>\n\n<div class=\"fw-row\">\n\t\n<div id=\"column-69ea12d335b37\" class=\"fw-col-xs-12\" style=\" \">\n        <div class=\"fw-col-inner\" >\n\t\t<div class=\"fw-heading fw-heading-center\" >\n\t\t<h2 class='fw-special-title'>Conoc\u00e9 a tu Coach<\/h2>\t<\/div>\t<\/div>\n<\/div><\/div>\n\n<div class=\"fw-row\">\n\t\n<div id=\"column-69ea12d335cd8\" class=\"fw-col-xs-12 fw-col-sm-2\" style=\" \">\n        <div class=\"fw-col-inner\" >\n\t\t\t<\/div>\n<\/div>\n<div id=\"column-69ea12d335d59\" class=\"fw-col-xs-12 fw-col-sm-3\" style=\" \">\n        <div class=\"fw-col-inner\" >\n\t\t<div class=\"fw-team\">\n\t<div class=\"fw-team-image\"><img data-recalc-dims=\"1\" decoding=\"async\" src=\"https:\/\/i0.wp.com\/maptheunknown.com\/wp-content\/uploads\/2019\/03\/Brooklyn-Bridge-Marco-and-Fran-1180254-1.jpg?w=930\" alt=\"\"\/><\/div>\n\t<div class=\"fw-team-inner\">\n\t\t<div class=\"fw-team-name\">\n\t\t\t<h3><\/h3>\n\t\t\t<span><\/span>\n\t\t<\/div>\n\t\t<div class=\"fw-team-text\">\n\t\t\t<p><\/p>\n\t\t<\/div>\n\t<\/div>\n<\/div>\t<\/div>\n<\/div>\n<div id=\"column-69ea12d335e9c\" class=\"fw-col-xs-12 fw-col-sm-6\" style=\" \">\n        <div class=\"fw-col-inner\" >\n\t\t<p><span style=\"font-size: 16.0pt; font-family: 'Helvetica',sans-serif; color: black;\">Francina Cassaniti<\/span><br \/><span style=\"font-size: 12.0pt; font-family: 'Helvetica Light',sans-serif; color: #7f7f7f;\">LIFE COACH<\/span><br \/><span style=\"font-size: 10.0pt; font-family: 'Helvetica Neue',sans-serif; color: black;\">Coach Ontol\u00f3gico Certificada, Viajera, Terapeuta de Reiki Certificada.<br \/>Consultora de Gesti\u00f3n del Cambio con m\u00e1s de 7 a\u00f1os de experiencia profesional ayudando a individuos y empresas a adoptar el cambio.<br \/>Apasionada por ayudar y empoderar a las personas para vivir la vida que quieren.<\/span><\/p>\t<\/div>\n<\/div><\/div>\n\n\t<\/div>\n<\/section>","protected":false},"excerpt":{"rendered":"<p>START NOW Book your session You have a talent, a gift, something unique, and magical to bring out to the world. Maybe you already know what it is but you don\u2019t know how to make it happen or maybe you\u2019re in the journey of discovering what it is, but for [&hellip;]<\/p>\n","protected":false},"author":3,"featured_media":5286,"parent":0,"menu_order":0,"comment_status":"closed","ping_status":"closed","template":"page-templates\/full-width-builder.php","meta":{"nf_dc_page":"","om_disable_all_campaigns":false,"jetpack_post_was_ever_published":false,"footnotes":""},"class_list":["post-7389","page","type-page","status-publish","has-post-thumbnail","hentry"],"jetpack_sharing_enabled":true,"jetpack_shortlink":"https:\/\/wp.me\/P9HVjX-1Vb","jetpack_likes_enabled":true,"_links":{"self":[{"href":"https:\/\/maptheunknown.com\/es\/wp-json\/wp\/v2\/pages\/7389","targetHints":{"allow":["GET"]}}],"collection":[{"href":"https:\/\/maptheunknown.com\/es\/wp-json\/wp\/v2\/pages"}],"about":[{"href":"https:\/\/maptheunknown.com\/es\/wp-json\/wp\/v2\/types\/page"}],"author":[{"embeddable":true,"href":"https:\/\/maptheunknown.com\/es\/wp-json\/wp\/v2\/users\/3"}],"replies":[{"embeddable":true,"href":"https:\/\/maptheunknown.com\/es\/wp-json\/wp\/v2\/comments?post=7389"}],"version-history":[{"count":25,"href":"https:\/\/maptheunknown.com\/es\/wp-json\/wp\/v2\/pages\/7389\/revisions"}],"predecessor-version":[{"id":8840,"href":"https:\/\/maptheunknown.com\/es\/wp-json\/wp\/v2\/pages\/7389\/revisions\/8840"}],"wp:featuredmedia":[{"embeddable":true,"href":"https:\/\/maptheunknown.com\/es\/wp-json\/wp\/v2\/media\/5286"}],"wp:attachment":[{"href":"https:\/\/maptheunknown.com\/es\/wp-json\/wp\/v2\/media?parent=7389"}],"curies":[{"name":"wp","href":"https:\/\/api.w.org\/{rel}","templated":true}]}}