{"id":6913,"date":"2019-06-26T01:40:29","date_gmt":"2019-06-26T04:40:29","guid":{"rendered":"https:\/\/maptheunknown.com\/?page_id=6913"},"modified":"2020-04-23T07:46:05","modified_gmt":"2020-04-23T00:46:05","slug":"travel-the-world","status":"publish","type":"page","link":"https:\/\/maptheunknown.com\/es\/travel-the-world\/","title":{"rendered":"Viaj\u00e1 Por El Mundo"},"content":{"rendered":"<section id=\"section_id-16913\" class=\"fw-main-row fw-section-no-padding\" style=\" \" >\n\t<div class=\"fw-col-inner fw-container\" >\n\t\t<div class=\"fw-row\">\n\t\n<div id=\"column-69ea0e6dd482e\" class=\"fw-col-xs-12\" style=\" \">\n        <div class=\"fw-col-inner\" >\n\t\t<div class=\"fw-heading fw-heading-center\" >\n\t\t<h3 class='fw-special-title'>REGISTRATE EN EL PR\u00d3XIMO<br><font color=\"#ffcc00\" size=\"6\">JUMP! WORKSHOP<\/font><\/h3>\t<\/div>\t<\/div>\n<\/div><\/div>\n\n<div class=\"fw-row\">\n\t\n<div id=\"column-69ea0e6dd5403\" class=\"fw-col-xs-12\" style=\" \">\n        <div class=\"fw-col-inner\" >\n\t\t\n<div class=\"wpz-btn-center\">\n    <a href=\"http:\/\/maptheunknown.com\/es\/producto\/jump\/\" target=\"_self\" class=\"wpz-btn wpz-btn-1\">\n    \t<span>Obten\u00e9 tu lugar ahora<\/span>\n    <\/a>\n<\/div>\n\t<\/div>\n<\/div><\/div>\n\n<div class=\"fw-row\">\n\t\n<div id=\"column-69ea0e6dd5dac\" class=\"fw-col-xs-12\" style=\" \">\n        <div class=\"fw-col-inner\" >\n\t\t<div class=\"fw-heading fw-heading-center\" >\n\t\t<h3 class='fw-special-title'><\/h3>\t\t\t<div class=\"fw-special-subtitle\">Un d\u00eda despertas y duele m\u00e1s permanecer estancado\/a que enfrentar tus miedos para vivir la vida que queres. Siempre so\u00f1aste con viajar por el mundo full-time, caminar por calles que nunca has pisado, ver diferentes perspectivas, probar nuevos sabores, conocer gente y aprender de culturas lejos a la tuya, vivir un estilo de vida libre y poder viajar a donde pertenece tu coraz\u00f3n y hacer lo que amas. Queres ese cambio en tu vida pero realmente no sabes c\u00f3mo comenzar. Te sent\u00eds listo\/a pero hay algo que te detiene. En lo profundo de vos mismo\/a sabes lo que queres pero hay muchas incertidumbres y miedos. Es hora de liberarte y comenzar el estilo de vida de viaje que siempre quisiste. <br><br> Tenemos el mismo sue\u00f1o y tuvimos los mismos miedos. Nos dimos cuenta de que todos nuestros miedos se convirtieron en oportunidades para ser creativos, aprender y disfrutar la vida. Es por eso que creamos este workshop donde combinamos nuestra experiencia en Agile Coaching, Coaching Ontol\u00f3gico y viajes para ayudarte a lograrlo.  <br><br> Si queres vivir un estilo de vida de viaje a largo plazo o incluso solo un a\u00f1o o unos meses, este workshop es para vos. <br> Trabajaremos con vos para prepararte y ayudarte a comenzar con el estilo de vida de viaje de tus sue\u00f1os.<\/div>\n\t<\/div>\t<\/div>\n<\/div><\/div>\n\n<div class=\"fw-row\">\n\t\n<div id=\"column-69ea0e6dd5fe2\" class=\"fw-col-xs-12\" style=\" \">\n        <div class=\"fw-col-inner\" >\n\t\t<div class=\"fw-heading fw-heading-center\" >\n\t\t<h3 class='fw-special-title'>Beneficios del Workshop<\/h3>\t<\/div>\t<\/div>\n<\/div><\/div>\n\n<div class=\"fw-row\">\n\t\n<div id=\"column-69ea0e6dd6229\" class=\"fw-col-xs-12 fw-col-sm-4\" style=\" \">\n        <div class=\"fw-col-inner\" >\n\t\t\n<div class=\"fw-category-image\" style=\"background-image: url(\/\/maptheunknown.com\/wp-content\/uploads\/2019\/05\/BARILOCHE-TOURISTY-OR-A-MUST-SEE-WEBSITE.LANDSCAPE.jpg);\">\n\n\n    \n    \t<div class=\"fw-category-inner\">\n    \t\t<div class=\"fw-category-name\">\n    \t\t\t<h3>TOM\u00c1 LAS RIENDAS DE TU VIDA<\/h3>\n    \t\t\t<span><\/span>\n    \t\t<\/div>\n    \t\t<div class=\"fw-category-text\">\n    \t\t\t<p>Empoderate y comprometete en liderar el cambio que queres ver en tu vida. Vos sos el l\u00edder en este proceso.<\/p>\n    \t\t<\/div>\n\n\n            \n\n    \t<\/div>\n\n    <\/div>\n\t<\/div>\n<\/div>\n<div id=\"column-69ea0e6dd69a2\" class=\"fw-col-xs-12 fw-col-sm-4\" style=\" \">\n        <div class=\"fw-col-inner\" >\n\t\t\n<div class=\"fw-category-image\" style=\"background-image: url(\/\/maptheunknown.com\/wp-content\/uploads\/2018\/03\/Sunset-Thumbnail-Website.jpg);\">\n\n\n    \n    \t<div class=\"fw-category-inner\">\n    \t\t<div class=\"fw-category-name\">\n    \t\t\t<h3>OBTEN\u00c9 CLARIDAD EN TU PROP\u00d3SITO<\/h3>\n    \t\t\t<span><\/span>\n    \t\t<\/div>\n    \t\t<div class=\"fw-category-text\">\n    \t\t\t<p>Encontr\u00e1 tu prop\u00f3sito, para qu\u00e9 queres viajar y al\u00ednealo a cada una de tus acciones.<\/p>\n    \t\t<\/div>\n\n\n            \n\n    \t<\/div>\n\n    <\/div>\n\t<\/div>\n<\/div>\n<div id=\"column-69ea0e6dd6aba\" class=\"fw-col-xs-12 fw-col-sm-4\" style=\" \">\n        <div class=\"fw-col-inner\" >\n\t\t\n<div class=\"fw-category-image\" style=\"background-image: url(\/\/maptheunknown.com\/wp-content\/uploads\/2018\/10\/What-We-Learned-From-Hiking.Website-Landscape.jpg);\">\n\n\n    \n    \t<div class=\"fw-category-inner\">\n    \t\t<div class=\"fw-category-name\">\n    \t\t\t<h3>COMPREND\u00c9 TUS MIEDOS<\/h3>\n    \t\t\t<span><\/span>\n    \t\t<\/div>\n    \t\t<div class=\"fw-category-text\">\n    \t\t\t<p>Ve tus miedos como oportunidades para estar preparado y avanzar en la direcci\u00f3n de tus sue\u00f1os.<\/p>\n    \t\t<\/div>\n\n\n            \n\n    \t<\/div>\n\n    <\/div>\n\t<\/div>\n<\/div><\/div>\n\n<div class=\"fw-row\">\n\t\n<div id=\"column-69ea0e6dd6c64\" class=\"fw-col-xs-12\" style=\" \">\n        <div class=\"fw-col-inner\" >\n\t\t<h3 style=\"text-align: center;\"><span style=\"color: #333333;\"><b>Una inversi\u00f3n en y para vos<\/b><\/span><\/h3>\t<\/div>\n<\/div><\/div>\n\n<div class=\"fw-row\">\n\t\n<div id=\"column-69ea0e6dd7554\" class=\"fw-col-xs-12\" style=\" \">\n        <div class=\"fw-col-inner\" >\n\t\t<p style=\"text-align: left;\">El workshop incluye una sesi\u00f3n de Coaching online de una hora cada semana durante 1 mes. \u00a1Durante este 1 mes, vamos a trabajar juntos\/as! \u00a1S\u00ed, estaremos trabajando en vos mismo\/a! Vamos a profundizar en vos mismo\/a para entenderte, conectar con tus pasiones, c\u00f3mo queres vivir tu vida y ver qu\u00e9 te impide avanzar. Vamos a utilizar diferentes t\u00e9cnicas y herramientas basadas en mi experiencia profesional como Coach Ontol\u00f3gico y experiencias personales como viajera. Cada semana tendr\u00e1s diferentes ejercicios, desaf\u00edos y una sesi\u00f3n de Coaching online que te va ayudar a estar donde queres estar. Al final del workshop, te proporcionaremos un framework que te va a ayudar a alcanzar tus objetivos y comenzar con el estilo de vida de viaje de tus sue\u00f1os.<\/p><p style=\"text-align: left;\">Este workshop no solo te ayudar\u00e1 a hacer realidad tu sue\u00f1o de viajar por el mundo, sino tambi\u00e9n a combinar todas tus pasiones. Creemos que no se trata de c\u00f3mo sobrevivir mientras se viaja, se trata de vivir este sue\u00f1o al m\u00e1ximo, encendiendo todas tus pasiones.<\/p><p style=\"text-align: left;\">El workshop est\u00e1 disponible para grupos o sesiones privadas en ingl\u00e9s y espa\u00f1ol.<\/p>\t<\/div>\n<\/div><\/div>\n\n<div class=\"fw-row\">\n\t\n<div id=\"column-69ea0e6dd771b\" class=\"fw-col-xs-12\" style=\" \">\n        <div class=\"fw-col-inner\" >\n\t\t\n\t<div class=\"fw-divider-space\" style=\"padding-top: 50px;\"><\/div>\n\t<\/div>\n<\/div><\/div>\n\n<div class=\"fw-row\">\n\t\n<div id=\"column-69ea0e6dd804f\" class=\"fw-col-xs-12\" style=\" \">\n        <div class=\"fw-col-inner\" >\n\t\t<h3 style=\"text-align: center;\"><span style=\"color: #333333;\"><b>\u00bfEstas listo\/a para transformar tu vida?<\/b><\/span><\/h3>\t<\/div>\n<\/div><\/div>\n\n<div class=\"fw-row\">\n\t\n<div id=\"column-69ea0e6dd820b\" class=\"fw-col-xs-12\" style=\" \">\n        <div class=\"fw-col-inner\" >\n\t\t\n<div class=\"wpz-btn-center\">\n    <a href=\"http:\/\/maptheunknown.com\/es\/producto\/jump\/\" target=\"_self\" class=\"wpz-btn wpz-btn-1\">\n    \t<span>Obten\u00e9 tu lugar ahora<\/span>\n    <\/a>\n<\/div>\n\t<\/div>\n<\/div><\/div>\n\n<div class=\"fw-row\">\n\t\n<div id=\"column-69ea0e6dd83c3\" class=\"fw-col-xs-12\" style=\" \">\n        <div class=\"fw-col-inner\" >\n\t\t\n\t<div class=\"fw-divider-space\" style=\"padding-top: 50px;\"><\/div>\n\t<\/div>\n<\/div><\/div>\n\n<div class=\"fw-row\">\n\t\n<div id=\"column-69ea0e6dd856a\" class=\"fw-col-xs-12\" style=\" \">\n        <div class=\"fw-col-inner\" >\n\t\t\t<div class=\"fw-divider-line\"><hr\/><\/div>\n\n\t<\/div>\n<\/div><\/div>\n\n<div class=\"fw-row\">\n\t\n<div id=\"column-69ea0e6dd8713\" class=\"fw-col-xs-12\" style=\" \">\n        <div class=\"fw-col-inner\" >\n\t\t<div class=\"fw-heading fw-heading-center\" >\n\t\t<h2 class='fw-special-title'>Testimonios<\/h2>\t\t\t<div class=\"fw-special-subtitle\">Nuestra misi\u00f3n es inspirar y empoderar a las personas para que vivan el estilo de vida de sus sue\u00f1os. Mir\u00e1 lo que otros dicen. <\/div>\n\t<\/div>\t<\/div>\n<\/div><\/div>\n\n<div class=\"fw-row\">\n\t\n<div id=\"column-69ea0e6dd8962\" class=\"fw-col-xs-12 fw-col-sm-3\" style=\" \">\n        <div class=\"fw-col-inner\" >\n\t\t<script>\n\tjQuery(document).ready(function ($) {\n\t\t$('#testimonials-69ea0e6dd91aa').carouFredSel({\n\t\t\tswipe: {\n\t\t\t\tonTouch: true\n\t\t\t},\n\t\t\tnext : \"#testimonials-69ea0e6dd91aa-next\",\n\t\t\tprev : \"#testimonials-69ea0e6dd91aa-prev\",\n\t\t\tpagination : \"#testimonials-69ea0e6dd91aa-controls\",\n\t\t\tresponsive: true,\n\t\t\tinfinite: false,\n\t\t\titems: 1,\n\t\t\tauto: false,\n\t\t\tscroll: {\n\t\t\t\titems : 1,\n\t\t\t\tfx: \"crossfade\",\n\t\t\t\teasing: \"linear\",\n\t\t\t\tduration: 300\n\t\t\t}\n\t\t});\n\t});\n<\/script>\n<div class=\"fw-testimonials fw-testimonials-2\">\n\t\t\t<h3 class=\"fw-testimonials-title\">Cambi\u00f3 Mi Mentalidad<\/h3>\n\t\n\t<div class=\"fw-testimonials-list\" id=\"testimonials-69ea0e6dd91aa\">\n\t\t\t\t\t<div class=\"fw-testimonials-item clearfix\">\n\t\t\t\t<div class=\"fw-testimonials-text\">\n\t\t\t\t\t<p>\"Realmente cambi\u00f3 mi mentalidad, me hizo mucho m\u00e1s positiva con respecto a mi perspectiva de la vida y realmente me trajo confianza y una nueva forma de ver el miedo. Ustedes est\u00e1n cambiando el mundo de una persona a la vez y eso es algo asombroso.\"<\/p>\n\t\t\t\t<\/div>\n\t\t\t\t<div class=\"fw-testimonials-meta\">\n\t\t\t\t\t<div class=\"fw-testimonials-avatar\">\n\t\t\t\t\t\t\t\t\t\t\t\t<img data-recalc-dims=\"1\" decoding=\"async\" src=\"https:\/\/i0.wp.com\/maptheunknown.com\/wp-content\/uploads\/2019\/08\/21316252_10203634697105278_7714494005362509418_o.jpg?w=930\" alt=\"Michelle Ranah Moreno\"\/>\n\t\t\t\t\t<\/div>\n\t\t\t\t\t<div class=\"fw-testimonials-author\">\n\t\t\t\t\t\t<span class=\"author-name\">Michelle Ranah Moreno<\/span>\n\t\t\t\t\t\t<em>Filipinas<\/em>\n\t\t\t\t\t\t<span class=\"fw-testimonials-url\">\n\t\t\t\t\t\t\t<a href=\"\"><\/a>\n\t\t\t\t\t\t<\/span>\n\t\t\t\t\t<\/div>\n\t\t\t\t<\/div>\n\t\t\t<\/div>\n\t\t\t<\/div>\n\n\t<div class=\"fw-testimonials-arrows\">\n\t\t<a class=\"prev\" id=\"testimonials-69ea0e6dd91aa-prev\" href=\"#\"><i class=\"fa\"><\/i><\/a>\n\t\t<a class=\"next\" id=\"testimonials-69ea0e6dd91aa-next\" href=\"#\"><i class=\"fa\"><\/i><\/a>\n\t<\/div>\n\n\t<div class=\"fw-testimonials-pagination\" id=\"testimonials-69ea0e6dd91aa-controls\"><\/div>\n<\/div>\t<\/div>\n<\/div>\n<div id=\"column-69ea0e6dd92ca\" class=\"fw-col-xs-12 fw-col-sm-3\" style=\" \">\n        <div class=\"fw-col-inner\" >\n\t\t<script>\n\tjQuery(document).ready(function ($) {\n\t\t$('#testimonials-69ea0e6dd93b2').carouFredSel({\n\t\t\tswipe: {\n\t\t\t\tonTouch: true\n\t\t\t},\n\t\t\tnext : \"#testimonials-69ea0e6dd93b2-next\",\n\t\t\tprev : \"#testimonials-69ea0e6dd93b2-prev\",\n\t\t\tpagination : \"#testimonials-69ea0e6dd93b2-controls\",\n\t\t\tresponsive: true,\n\t\t\tinfinite: false,\n\t\t\titems: 1,\n\t\t\tauto: false,\n\t\t\tscroll: {\n\t\t\t\titems : 1,\n\t\t\t\tfx: \"crossfade\",\n\t\t\t\teasing: \"linear\",\n\t\t\t\tduration: 300\n\t\t\t}\n\t\t});\n\t});\n<\/script>\n<div class=\"fw-testimonials fw-testimonials-2\">\n\t\t\t<h3 class=\"fw-testimonials-title\">Auto-empoderamiento<\/h3>\n\t\n\t<div class=\"fw-testimonials-list\" id=\"testimonials-69ea0e6dd93b2\">\n\t\t\t\t\t<div class=\"fw-testimonials-item clearfix\">\n\t\t\t\t<div class=\"fw-testimonials-text\">\n\t\t\t\t\t<p>\"Me ayud\u00f3 mucho en un momento muy complicado de mi vida. En un proceso de 4 sesiones, pude poner todo en perspectiva, darme cuenta de las cosas que quer\u00eda cambiar y encontrar herramientas para hacerlo.\"<\/p>\n\t\t\t\t<\/div>\n\t\t\t\t<div class=\"fw-testimonials-meta\">\n\t\t\t\t\t<div class=\"fw-testimonials-avatar\">\n\t\t\t\t\t\t\t\t\t\t\t\t<img data-recalc-dims=\"1\" decoding=\"async\" src=\"https:\/\/i0.wp.com\/maptheunknown.com\/wp-content\/uploads\/2019\/06\/65885408_903814783300062_3464705428548485120_n.jpg?w=930\" alt=\"Tom\u00e1s Suardi\"\/>\n\t\t\t\t\t<\/div>\n\t\t\t\t\t<div class=\"fw-testimonials-author\">\n\t\t\t\t\t\t<span class=\"author-name\">Tom\u00e1s Suardi<\/span>\n\t\t\t\t\t\t<em>Argentina<\/em>\n\t\t\t\t\t\t<span class=\"fw-testimonials-url\">\n\t\t\t\t\t\t\t<a href=\"\"><\/a>\n\t\t\t\t\t\t<\/span>\n\t\t\t\t\t<\/div>\n\t\t\t\t<\/div>\n\t\t\t<\/div>\n\t\t\t<\/div>\n\n\t<div class=\"fw-testimonials-arrows\">\n\t\t<a class=\"prev\" id=\"testimonials-69ea0e6dd93b2-prev\" href=\"#\"><i class=\"fa\"><\/i><\/a>\n\t\t<a class=\"next\" id=\"testimonials-69ea0e6dd93b2-next\" href=\"#\"><i class=\"fa\"><\/i><\/a>\n\t<\/div>\n\n\t<div class=\"fw-testimonials-pagination\" id=\"testimonials-69ea0e6dd93b2-controls\"><\/div>\n<\/div>\t<\/div>\n<\/div>\n<div id=\"column-69ea0e6dd9493\" class=\"fw-col-xs-12 fw-col-sm-3\" style=\" \">\n        <div class=\"fw-col-inner\" >\n\t\t<script>\n\tjQuery(document).ready(function ($) {\n\t\t$('#testimonials-69ea0e6dd9553').carouFredSel({\n\t\t\tswipe: {\n\t\t\t\tonTouch: true\n\t\t\t},\n\t\t\tnext : \"#testimonials-69ea0e6dd9553-next\",\n\t\t\tprev : \"#testimonials-69ea0e6dd9553-prev\",\n\t\t\tpagination : \"#testimonials-69ea0e6dd9553-controls\",\n\t\t\tresponsive: true,\n\t\t\tinfinite: false,\n\t\t\titems: 1,\n\t\t\tauto: false,\n\t\t\tscroll: {\n\t\t\t\titems : 1,\n\t\t\t\tfx: \"crossfade\",\n\t\t\t\teasing: \"linear\",\n\t\t\t\tduration: 300\n\t\t\t}\n\t\t});\n\t});\n<\/script>\n<div class=\"fw-testimonials fw-testimonials-2\">\n\t\t\t<h3 class=\"fw-testimonials-title\">Cambi\u00f3 Mi Vida<\/h3>\n\t\n\t<div class=\"fw-testimonials-list\" id=\"testimonials-69ea0e6dd9553\">\n\t\t\t\t\t<div class=\"fw-testimonials-item clearfix\">\n\t\t\t\t<div class=\"fw-testimonials-text\">\n\t\t\t\t\t<p>\"Si eres una persona con grandes sue\u00f1os, quieres vivir tu pasi\u00f3n y no sabes c\u00f3mo hacerlo, Map The Unknown cambiar\u00e1 tu vida.\"<\/p>\n\t\t\t\t<\/div>\n\t\t\t\t<div class=\"fw-testimonials-meta\">\n\t\t\t\t\t<div class=\"fw-testimonials-avatar\">\n\t\t\t\t\t\t\t\t\t\t\t\t<img data-recalc-dims=\"1\" decoding=\"async\" src=\"https:\/\/i0.wp.com\/maptheunknown.com\/wp-content\/uploads\/2019\/06\/52764673_2247280235483892_9144474011613265920_o.jpg?w=930\" alt=\"Santiago Bohadaa\"\/>\n\t\t\t\t\t<\/div>\n\t\t\t\t\t<div class=\"fw-testimonials-author\">\n\t\t\t\t\t\t<span class=\"author-name\">Santiago Bohadaa<\/span>\n\t\t\t\t\t\t<em>Colombia<\/em>\n\t\t\t\t\t\t<span class=\"fw-testimonials-url\">\n\t\t\t\t\t\t\t<a href=\"\"><\/a>\n\t\t\t\t\t\t<\/span>\n\t\t\t\t\t<\/div>\n\t\t\t\t<\/div>\n\t\t\t<\/div>\n\t\t\t<\/div>\n\n\t<div class=\"fw-testimonials-arrows\">\n\t\t<a class=\"prev\" id=\"testimonials-69ea0e6dd9553-prev\" href=\"#\"><i class=\"fa\"><\/i><\/a>\n\t\t<a class=\"next\" id=\"testimonials-69ea0e6dd9553-next\" href=\"#\"><i class=\"fa\"><\/i><\/a>\n\t<\/div>\n\n\t<div class=\"fw-testimonials-pagination\" id=\"testimonials-69ea0e6dd9553-controls\"><\/div>\n<\/div>\t<\/div>\n<\/div>\n<div id=\"column-69ea0e6dd9618\" class=\"fw-col-xs-12 fw-col-sm-3\" style=\" \">\n        <div class=\"fw-col-inner\" >\n\t\t<script>\n\tjQuery(document).ready(function ($) {\n\t\t$('#testimonials-69ea0e6dd96bd').carouFredSel({\n\t\t\tswipe: {\n\t\t\t\tonTouch: true\n\t\t\t},\n\t\t\tnext : \"#testimonials-69ea0e6dd96bd-next\",\n\t\t\tprev : \"#testimonials-69ea0e6dd96bd-prev\",\n\t\t\tpagination : \"#testimonials-69ea0e6dd96bd-controls\",\n\t\t\tresponsive: true,\n\t\t\tinfinite: false,\n\t\t\titems: 1,\n\t\t\tauto: false,\n\t\t\tscroll: {\n\t\t\t\titems : 1,\n\t\t\t\tfx: \"crossfade\",\n\t\t\t\teasing: \"linear\",\n\t\t\t\tduration: 300\n\t\t\t}\n\t\t});\n\t});\n<\/script>\n<div class=\"fw-testimonials fw-testimonials-2\">\n\t\t\t<h3 class=\"fw-testimonials-title\">Conquistando El Miedo<\/h3>\n\t\n\t<div class=\"fw-testimonials-list\" id=\"testimonials-69ea0e6dd96bd\">\n\t\t\t\t\t<div class=\"fw-testimonials-item clearfix\">\n\t\t\t\t<div class=\"fw-testimonials-text\">\n\t\t\t\t\t<p>\"\u00a1Me ayud\u00f3 a darme cuenta de que ten\u00eda muchos miedos que me imped\u00edan hacer lo que quer\u00eda! Sol\u00eda usar a otros como excusa, pero me di cuenta de que era yo quien necesitaba tomar decisiones.\"<\/p>\n\t\t\t\t<\/div>\n\t\t\t\t<div class=\"fw-testimonials-meta\">\n\t\t\t\t\t<div class=\"fw-testimonials-avatar\">\n\t\t\t\t\t\t\t\t\t\t\t\t<img data-recalc-dims=\"1\" decoding=\"async\" src=\"https:\/\/i0.wp.com\/maptheunknown.com\/wp-content\/uploads\/2019\/06\/Wanda-.jpg?w=930\" alt=\"Wanda Galvis\"\/>\n\t\t\t\t\t<\/div>\n\t\t\t\t\t<div class=\"fw-testimonials-author\">\n\t\t\t\t\t\t<span class=\"author-name\">Wanda Galvis<\/span>\n\t\t\t\t\t\t<em>Colombia<\/em>\n\t\t\t\t\t\t<span class=\"fw-testimonials-url\">\n\t\t\t\t\t\t\t<a href=\"\"><\/a>\n\t\t\t\t\t\t<\/span>\n\t\t\t\t\t<\/div>\n\t\t\t\t<\/div>\n\t\t\t<\/div>\n\t\t\t<\/div>\n\n\t<div class=\"fw-testimonials-arrows\">\n\t\t<a class=\"prev\" id=\"testimonials-69ea0e6dd96bd-prev\" href=\"#\"><i class=\"fa\"><\/i><\/a>\n\t\t<a class=\"next\" id=\"testimonials-69ea0e6dd96bd-next\" href=\"#\"><i class=\"fa\"><\/i><\/a>\n\t<\/div>\n\n\t<div class=\"fw-testimonials-pagination\" id=\"testimonials-69ea0e6dd96bd-controls\"><\/div>\n<\/div>\t<\/div>\n<\/div><\/div>\n\n<div class=\"fw-row\">\n\t\n<div id=\"column-69ea0e6dd9820\" class=\"fw-col-xs-12\" style=\" \">\n        <div class=\"fw-col-inner\" >\n\t\t\t<div class=\"fw-divider-line\"><hr\/><\/div>\n\n\t<\/div>\n<\/div><\/div>\n\n<div class=\"fw-row\">\n\t\n<div id=\"column-69ea0e6dd99df\" class=\"fw-col-xs-12\" style=\" \">\n        <div class=\"fw-col-inner\" >\n\t\t<div class=\"fw-heading fw-heading-center\" >\n\t\t<h2 class='fw-special-title'>Conoc\u00e9 a tu Organizador<\/h2>\t<\/div>\t<\/div>\n<\/div><\/div>\n\n<div class=\"fw-row\">\n\t\n<div id=\"column-69ea0e6dd9c4c\" class=\"fw-col-xs-12 fw-col-sm-2\" style=\" \">\n        <div class=\"fw-col-inner\" >\n\t\t\t<\/div>\n<\/div>\n<div id=\"column-69ea0e6dd9d07\" class=\"fw-col-xs-12 fw-col-sm-3\" style=\" \">\n        <div class=\"fw-col-inner\" >\n\t\t<div class=\"fw-team\">\n\t<div class=\"fw-team-image\"><img data-recalc-dims=\"1\" decoding=\"async\" src=\"https:\/\/i0.wp.com\/maptheunknown.com\/wp-content\/uploads\/2019\/03\/Brooklyn-Bridge-Marco-and-Fran-1180254-1.jpg?w=930\" alt=\"\"\/><\/div>\n\t<div class=\"fw-team-inner\">\n\t\t<div class=\"fw-team-name\">\n\t\t\t<h3><\/h3>\n\t\t\t<span><\/span>\n\t\t<\/div>\n\t\t<div class=\"fw-team-text\">\n\t\t\t<p><\/p>\n\t\t<\/div>\n\t<\/div>\n<\/div>\t<\/div>\n<\/div>\n<div id=\"column-69ea0e6dda544\" class=\"fw-col-xs-12 fw-col-sm-6\" style=\" \">\n        <div class=\"fw-col-inner\" >\n\t\t<p><span style=\"font-size: 16.0pt; font-family: 'Helvetica',sans-serif; color: black;\">Francina Cassaniti<\/span><br \/><span style=\"font-size: 12.0pt; font-family: 'Helvetica Light',sans-serif; color: #7f7f7f;\">LIFE COACH<\/span><br \/><span style=\"font-size: 10.0pt; font-family: 'Helvetica Neue',sans-serif; color: black;\">Coach Ontol\u00f3gico Certificada, Viajera, Terapeuta de Reiki Certificada.<br \/>Consultora de Gesti\u00f3n del Cambio con m\u00e1s de 7 a\u00f1os de experiencia profesional ayudando a individuos y empresas a adoptar el cambio.<br \/>Apasionada por ayudar y empoderar a las personas para vivir la vida que quieren.<\/span><\/p>\t<\/div>\n<\/div><\/div>\n\n\t<\/div>\n<\/section>","protected":false},"excerpt":{"rendered":"<p>SIGN-UP FOR THE NEXTJUMP! WORKSHOP Claim your spot now One day you wake up and it hurts more to stay stagnant than to face your fears in order to live the life you want. You always dreamt of traveling the world full-time, to walk along streets you&#8217;ve never set foot [&hellip;]<\/p>\n","protected":false},"author":2,"featured_media":6935,"parent":0,"menu_order":0,"comment_status":"closed","ping_status":"closed","template":"page-templates\/full-width-builder.php","meta":{"nf_dc_page":"","om_disable_all_campaigns":false,"jetpack_post_was_ever_published":false,"footnotes":""},"class_list":["post-6913","page","type-page","status-publish","has-post-thumbnail","hentry"],"jetpack_sharing_enabled":true,"jetpack_shortlink":"https:\/\/wp.me\/P9HVjX-1Nv","jetpack_likes_enabled":true,"_links":{"self":[{"href":"https:\/\/maptheunknown.com\/es\/wp-json\/wp\/v2\/pages\/6913","targetHints":{"allow":["GET"]}}],"collection":[{"href":"https:\/\/maptheunknown.com\/es\/wp-json\/wp\/v2\/pages"}],"about":[{"href":"https:\/\/maptheunknown.com\/es\/wp-json\/wp\/v2\/types\/page"}],"author":[{"embeddable":true,"href":"https:\/\/maptheunknown.com\/es\/wp-json\/wp\/v2\/users\/2"}],"replies":[{"embeddable":true,"href":"https:\/\/maptheunknown.com\/es\/wp-json\/wp\/v2\/comments?post=6913"}],"version-history":[{"count":111,"href":"https:\/\/maptheunknown.com\/es\/wp-json\/wp\/v2\/pages\/6913\/revisions"}],"predecessor-version":[{"id":7465,"href":"https:\/\/maptheunknown.com\/es\/wp-json\/wp\/v2\/pages\/6913\/revisions\/7465"}],"wp:featuredmedia":[{"embeddable":true,"href":"https:\/\/maptheunknown.com\/es\/wp-json\/wp\/v2\/media\/6935"}],"wp:attachment":[{"href":"https:\/\/maptheunknown.com\/es\/wp-json\/wp\/v2\/media?parent=6913"}],"curies":[{"name":"wp","href":"https:\/\/api.w.org\/{rel}","templated":true}]}}