{"id":5574,"date":"2016-12-03T15:44:41","date_gmt":"2016-12-03T15:44:41","guid":{"rendered":"http:\/\/demo.wpzoom.com\/inspiro-video\/?page_id=5574"},"modified":"2021-10-19T19:04:16","modified_gmt":"2021-10-20T00:04:16","slug":"get-started","status":"publish","type":"page","link":"https:\/\/maptheunknown.com\/es\/get-started\/","title":{"rendered":"Comenz\u00e1 Ac\u00e1"},"content":{"rendered":"<p>\n\n\n<section id=\"section_id-15574\" class=\"fw-main-row-custom fw-main-row-top fw-section-no-padding\" style=\" \" >\n\t<div class=\"fw-col-inner fw-container\" >\n\t\t<div class=\"fw-row\">\n\t\n<div id=\"column-69e9ffcf020dd\" class=\"fw-col-xs-12\" style=\" \">\n        <div class=\"fw-col-inner\" >\n\t\t\n\t<div class=\"fw-divider-space\" style=\"padding-top: 50px;\"><\/div>\n\t<\/div>\n<\/div><\/div>\n\n<div class=\"fw-row\">\n\t\n<div id=\"column-69e9ffcf022bd\" class=\"fw-col-xs-12 fw-col-sm-4\" style=\" \">\n        <div class=\"fw-col-inner\" >\n\t\t\n<div class=\"fw-category-image\" style=\"background-image: url(\/\/maptheunknown.com\/wp-content\/uploads\/2014\/08\/unsplash_528b276e41166_1-e1459686405672.jpg);\">\n\n\n    <a href=\"https:\/\/maptheunknown.com\/es\/achieve-your-dreams\/\" target=\"_self\">\n    \t<div class=\"fw-category-inner\">\n    \t\t<div class=\"fw-category-name\">\n    \t\t\t<h3>Life Coaching<br>Process<\/h3>\n    \t\t\t<span><\/span>\n    \t\t<\/div>\n    \t\t<div class=\"fw-category-text\">\n    \t\t\t<p>Todos\/as tenemos un sue\u00f1o. Quiz\u00e1s ya sabes bien cu\u00e1l ya es o todav\u00eda lo est\u00e1s resolviendo, pero est\u00e1s seguro\/a de que queres llevar tu vida al siguiente nivel. \u00a1Hazlo realidad! Juntos\/as trabajaremos para descubrir qu\u00e9 es exactamente lo que queres, qu\u00e9 te impide hacerlo realidad y convertirlo en realidad.<\/p>\n    \t\t<\/div>\n\n\n            \n                <div class=\"wpz-btn-center\">\n                    <span class=\"wpz-btn wpz-btn-white\">\n                    RESERV\u00c1 TU SESI\u00d3N                    <\/span>\n                <\/div>\n\n            \n\n    \t<\/div>\n\n    <\/a><\/div>\n\t<\/div>\n<\/div>\n<div id=\"column-69e9ffcf023dd\" class=\"fw-col-xs-12 fw-col-sm-4\" style=\" \">\n        <div class=\"fw-col-inner\" >\n\t\t\n<div class=\"fw-category-image\" style=\"background-image: url(\/\/maptheunknown.com\/wp-content\/uploads\/2020\/04\/Fran-and-Marco-Kailua-Beach-scaled.jpg);\">\n\n\n    <a href=\"https:\/\/maptheunknown.com\/es\/travel-the-world\/\" target=\"_self\">\n    \t<div class=\"fw-category-inner\">\n    \t\t<div class=\"fw-category-name\">\n    \t\t\t<h3>Traveling Lifestyle Workshops<\/h3>\n    \t\t\t<span><\/span>\n    \t\t<\/div>\n    \t\t<div class=\"fw-category-text\">\n    \t\t\t<p>Queres hacer realidad tu sue\u00f1o de viajar por el mundo, pero tenes muchos miedos, incertidumbres, y como es un estilo de vida muy desconocido no sabes c\u00f3mo comenzar. Estos dos talleres que te cambiar\u00e1n la vida te ayudar\u00e1n a hacer realidad tu sue\u00f1o de viajar por el mundo.<\/p>\n    \t\t<\/div>\n\n\n            \n                <div class=\"wpz-btn-center\">\n                    <span class=\"wpz-btn wpz-btn-white\">\n                    Obten\u00e9 tu lugar ahora                    <\/span>\n                <\/div>\n\n            \n\n    \t<\/div>\n\n    <\/a><\/div>\n\t<\/div>\n<\/div>\n<div id=\"column-69e9ffcf02494\" class=\"fw-col-xs-12 fw-col-sm-4\" style=\" \">\n        <div class=\"fw-col-inner\" >\n\t\t\n<div class=\"fw-category-image\" style=\"background-image: url(\/\/maptheunknown.com\/wp-content\/uploads\/2020\/08\/Banner_1.jpg);\">\n\n\n    <a href=\"\/es\/nomadjournal\/\" target=\"_self\">\n    \t<div class=\"fw-category-inner\">\n    \t\t<div class=\"fw-category-name\">\n    \t\t\t<h3>Nomad Journal<br>Mobile App<\/h3>\n    \t\t\t<span><\/span>\n    \t\t<\/div>\n    \t\t<div class=\"fw-category-text\">\n    \t\t\t<p>El camino para hacer realidad tus sue\u00f1os puede ser solitario y oscuro. Nomad Journal te invita a reflexionar, te motiva y te ayuda a establecer objetivos para que puedas encontrar tus respuestas, estar mindful y centrarte en lo que queres lograr en tu d\u00eda a d\u00eda. Es tu mejor compa\u00f1ero en este viaje.<\/p>\n    \t\t<\/div>\n\n\n            \n                <div class=\"wpz-btn-center\">\n                    <span class=\"wpz-btn wpz-btn-white\">\n                    DOWNLOAD NOW                    <\/span>\n                <\/div>\n\n            \n\n    \t<\/div>\n\n    <\/a><\/div>\n\t<\/div>\n<\/div><\/div>\n\n\t<\/div>\n<\/section>\n\n\n<section id=\"section_id-25574\" class=\"fw-main-row-custom fw-section-no-padding\" style=\" \" >\n\t<div class=\"fw-col-inner fw-container\" >\n\t\t<div class=\"fw-row\">\n\t\n<div id=\"column-69e9ffcf026e4\" class=\"fw-col-xs-12 fw-col-sm-2\" style=\" \">\n        <div class=\"fw-col-inner\" >\n\t\t\t<\/div>\n<\/div>\n<div id=\"column-69e9ffcf02746\" class=\"fw-col-xs-12 fw-col-sm-8\" style=\" \">\n        <div class=\"fw-col-inner\" >\n\t\t\n\t<div class=\"fw-divider-space\" style=\"padding-top: 70px;\"><\/div>\n<p style=\"text-align: center;\">Lo m\u00e1s emocionante de esta vida es la posibilidad de que tu sue\u00f1o se haga realidad.<\/p><p style=\"text-align: center;\">En 2017 decidimos tomar esa posibilidad, y en 2018 hicimos realidad nuestro sue\u00f1o: viajar full-time, tener aventuras por todo el mundo y construir la vida de nuestros sue\u00f1os. El camino ha sido desafiante, pero nos llev\u00f3 a ver nuestros miedos y obst\u00e1culos como oportunidades para estar preparados y avanzar, cambiar creencias y h\u00e1bitos, y vivir con prop\u00f3sito.<\/p><p style=\"text-align: center;\">Es nuestra misi\u00f3n inspirarte, empoderarte y ayudarte a vivir la vida que siempre has imaginado.<\/p><p style=\"text-align: center;\">\u00a1Esperamos que aproveches una de estas oportunidades y te conozcamos!<\/p><p class=\"p1\" style=\"text-align: center;\"><b>Si lo crees, puedes crearlo.<\/b><\/p>\t<\/div>\n<\/div>\n<div id=\"column-69e9ffcf0285b\" class=\"fw-col-xs-12 fw-col-sm-2\" style=\" \">\n        <div class=\"fw-col-inner\" >\n\t\t\t<\/div>\n<\/div><\/div>\n\n<div class=\"fw-row\">\n\t\n<div id=\"column-69e9ffcf028f9\" class=\"fw-col-xs-12\" style=\" \">\n        <div class=\"fw-col-inner\" >\n\t\t\n\t<div class=\"fw-divider-space\" style=\"padding-top: 40px;\"><\/div>\n\n\t<div class=\"fw-divider-space\" style=\"padding-top: 40px;\"><\/div>\n\t<\/div>\n<\/div><\/div>\n\n\t<\/div>\n<\/section><\/p>","protected":false},"excerpt":{"rendered":"<p>Life CoachingProcess We all have a dream. Either you know which one it is already or you&#8217;re still figuring it out, you are sure you want to bring your life to the next level. Make it a reality! Together we will work on discovering what is exactly what you want, [&hellip;]<\/p>\n","protected":false},"author":2,"featured_media":7220,"parent":0,"menu_order":0,"comment_status":"closed","ping_status":"closed","template":"page-templates\/full-width-builder.php","meta":{"nf_dc_page":"","om_disable_all_campaigns":false,"jetpack_post_was_ever_published":false,"footnotes":""},"class_list":["post-5574","page","type-page","status-publish","has-post-thumbnail","hentry"],"jetpack_sharing_enabled":true,"jetpack_shortlink":"https:\/\/wp.me\/P9HVjX-1rU","jetpack_likes_enabled":true,"_links":{"self":[{"href":"https:\/\/maptheunknown.com\/es\/wp-json\/wp\/v2\/pages\/5574","targetHints":{"allow":["GET"]}}],"collection":[{"href":"https:\/\/maptheunknown.com\/es\/wp-json\/wp\/v2\/pages"}],"about":[{"href":"https:\/\/maptheunknown.com\/es\/wp-json\/wp\/v2\/types\/page"}],"author":[{"embeddable":true,"href":"https:\/\/maptheunknown.com\/es\/wp-json\/wp\/v2\/users\/2"}],"replies":[{"embeddable":true,"href":"https:\/\/maptheunknown.com\/es\/wp-json\/wp\/v2\/comments?post=5574"}],"version-history":[{"count":21,"href":"https:\/\/maptheunknown.com\/es\/wp-json\/wp\/v2\/pages\/5574\/revisions"}],"predecessor-version":[{"id":8178,"href":"https:\/\/maptheunknown.com\/es\/wp-json\/wp\/v2\/pages\/5574\/revisions\/8178"}],"wp:featuredmedia":[{"embeddable":true,"href":"https:\/\/maptheunknown.com\/es\/wp-json\/wp\/v2\/media\/7220"}],"wp:attachment":[{"href":"https:\/\/maptheunknown.com\/es\/wp-json\/wp\/v2\/media?parent=5574"}],"curies":[{"name":"wp","href":"https:\/\/api.w.org\/{rel}","templated":true}]}}